{"id":27959,"date":"2026-04-08T20:02:28","date_gmt":"2026-04-08T20:02:28","guid":{"rendered":"http:\/\/aknurbal.com\/?post_type=product&#038;p=27959"},"modified":"2026-04-08T20:03:34","modified_gmt":"2026-04-08T20:03:34","slug":"imamoglu-kovan","status":"publish","type":"product","link":"http:\/\/aknurbal.com\/?product=imamoglu-kovan","title":{"rendered":"\u0130MAMO\u011eLU KOVAN"},"content":{"rendered":"<div dir=\"auto\"><img loading=\"lazy\" decoding=\"async\" class=\"alignnone size-medium wp-image-27966\" src=\"http:\/\/aknurbal.com\/wp-content\/uploads\/2026\/04\/KOVAN-225x300.jpg\" alt=\"\" width=\"225\" height=\"300\" srcset=\"http:\/\/aknurbal.com\/wp-content\/uploads\/2026\/04\/KOVAN-225x300.jpg 225w, http:\/\/aknurbal.com\/wp-content\/uploads\/2026\/04\/KOVAN-768x1024.jpg 768w, http:\/\/aknurbal.com\/wp-content\/uploads\/2026\/04\/KOVAN-1152x1536.jpg 1152w, http:\/\/aknurbal.com\/wp-content\/uploads\/2026\/04\/KOVAN-600x800.jpg 600w, http:\/\/aknurbal.com\/wp-content\/uploads\/2026\/04\/KOVAN.jpg 1536w\" sizes=\"auto, (max-width: 225px) 100vw, 225px\" \/><br \/>\n\u0130mamo\u011flu tipi\u00a0 kovan.<\/div>\n<div dir=\"auto\">42&#215;50 cm \u00f6l\u00e7\u00fclerinde.<\/div>\n<div dir=\"auto\">\u00c7am a\u011fac\u0131ndan 2.5 cm et kal\u0131nl\u0131\u011f\u0131.<\/div>\n<div dir=\"auto\">47&#215;24 cm \u00e7er\u00e7eve \u00f6l\u00e7\u00fcleri.<\/div>\n<div dir=\"auto\">Pinoteks ah\u015fap koruyucu ile boyal\u0131.<\/div>\n","protected":false},"excerpt":{"rendered":"<p><img loading=\"lazy\" decoding=\"async\" class=\"alignnone size-medium wp-image-27966\" src=\"http:\/\/aknurbal.com\/wp-content\/uploads\/2026\/04\/KOVAN-225x300.jpg\" alt=\"\" width=\"225\" height=\"300\" srcset=\"http:\/\/aknurbal.com\/wp-content\/uploads\/2026\/04\/KOVAN-225x300.jpg 225w, http:\/\/aknurbal.com\/wp-content\/uploads\/2026\/04\/KOVAN-768x1024.jpg 768w, http:\/\/aknurbal.com\/wp-content\/uploads\/2026\/04\/KOVAN-1152x1536.jpg 1152w, http:\/\/aknurbal.com\/wp-content\/uploads\/2026\/04\/KOVAN-600x800.jpg 600w, http:\/\/aknurbal.com\/wp-content\/uploads\/2026\/04\/KOVAN.jpg 1536w\" sizes=\"auto, (max-width: 225px) 100vw, 225px\" \/> <img loading=\"lazy\" decoding=\"async\" class=\"alignnone size-medium wp-image-27964\" src=\"http:\/\/aknurbal.com\/wp-content\/uploads\/2026\/04\/490566842_1349129406730662_1042089776453226586_n-225x300.jpg\" alt=\"\" width=\"225\" height=\"300\" srcset=\"http:\/\/aknurbal.com\/wp-content\/uploads\/2026\/04\/490566842_1349129406730662_1042089776453226586_n-225x300.jpg 225w, http:\/\/aknurbal.com\/wp-content\/uploads\/2026\/04\/490566842_1349129406730662_1042089776453226586_n-768x1024.jpg 768w, http:\/\/aknurbal.com\/wp-content\/uploads\/2026\/04\/490566842_1349129406730662_1042089776453226586_n-1152x1536.jpg 1152w, http:\/\/aknurbal.com\/wp-content\/uploads\/2026\/04\/490566842_1349129406730662_1042089776453226586_n-600x800.jpg 600w, http:\/\/aknurbal.com\/wp-content\/uploads\/2026\/04\/490566842_1349129406730662_1042089776453226586_n.jpg 1536w\" sizes=\"auto, (max-width: 225px) 100vw, 225px\" \/> <img loading=\"lazy\" decoding=\"async\" class=\"alignnone size-medium wp-image-27963\" src=\"http:\/\/aknurbal.com\/wp-content\/uploads\/2026\/04\/490407584_1349129403397329_7472425521089739434_n-225x300.jpg\" alt=\"\" width=\"225\" height=\"300\" srcset=\"http:\/\/aknurbal.com\/wp-content\/uploads\/2026\/04\/490407584_1349129403397329_7472425521089739434_n-225x300.jpg 225w, http:\/\/aknurbal.com\/wp-content\/uploads\/2026\/04\/490407584_1349129403397329_7472425521089739434_n-768x1024.jpg 768w, http:\/\/aknurbal.com\/wp-content\/uploads\/2026\/04\/490407584_1349129403397329_7472425521089739434_n-1152x1536.jpg 1152w, http:\/\/aknurbal.com\/wp-content\/uploads\/2026\/04\/490407584_1349129403397329_7472425521089739434_n-600x800.jpg 600w, http:\/\/aknurbal.com\/wp-content\/uploads\/2026\/04\/490407584_1349129403397329_7472425521089739434_n.jpg 1536w\" sizes=\"auto, (max-width: 225px) 100vw, 225px\" \/> <img loading=\"lazy\" decoding=\"async\" class=\"alignnone size-medium wp-image-27965\" src=\"http:\/\/aknurbal.com\/wp-content\/uploads\/2026\/04\/490588597_1349129280064008_7864238783016813430_n-225x300.jpg\" alt=\"\" width=\"225\" height=\"300\" srcset=\"http:\/\/aknurbal.com\/wp-content\/uploads\/2026\/04\/490588597_1349129280064008_7864238783016813430_n-225x300.jpg 225w, http:\/\/aknurbal.com\/wp-content\/uploads\/2026\/04\/490588597_1349129280064008_7864238783016813430_n-768x1024.jpg 768w, http:\/\/aknurbal.com\/wp-content\/uploads\/2026\/04\/490588597_1349129280064008_7864238783016813430_n-1152x1536.jpg 1152w, http:\/\/aknurbal.com\/wp-content\/uploads\/2026\/04\/490588597_1349129280064008_7864238783016813430_n-600x800.jpg 600w, http:\/\/aknurbal.com\/wp-content\/uploads\/2026\/04\/490588597_1349129280064008_7864238783016813430_n.jpg 1536w\" sizes=\"auto, (max-width: 225px) 100vw, 225px\" \/> <img loading=\"lazy\" decoding=\"async\" class=\"alignnone size-medium wp-image-27962\" src=\"http:\/\/aknurbal.com\/wp-content\/uploads\/2026\/04\/490126644_1349129566730646_3123307572999188637_n-225x300.jpg\" alt=\"\" width=\"225\" height=\"300\" srcset=\"http:\/\/aknurbal.com\/wp-content\/uploads\/2026\/04\/490126644_1349129566730646_3123307572999188637_n-225x300.jpg 225w, http:\/\/aknurbal.com\/wp-content\/uploads\/2026\/04\/490126644_1349129566730646_3123307572999188637_n-768x1024.jpg 768w, http:\/\/aknurbal.com\/wp-content\/uploads\/2026\/04\/490126644_1349129566730646_3123307572999188637_n-1152x1536.jpg 1152w, http:\/\/aknurbal.com\/wp-content\/uploads\/2026\/04\/490126644_1349129566730646_3123307572999188637_n-600x800.jpg 600w, http:\/\/aknurbal.com\/wp-content\/uploads\/2026\/04\/490126644_1349129566730646_3123307572999188637_n.jpg 1536w\" sizes=\"auto, (max-width: 225px) 100vw, 225px\" \/><\/p>\n","protected":false},"featured_media":0,"comment_status":"open","ping_status":"closed","template":"","meta":{"_joinchat":[]},"product_brand":[],"product_cat":[63],"product_tag":[],"class_list":{"0":"post-27959","1":"product","2":"type-product","3":"status-publish","5":"product_cat-kovan","7":"first","8":"instock","9":"sale","10":"shipping-taxable","11":"purchasable","12":"product-type-simple"},"_links":{"self":[{"href":"http:\/\/aknurbal.com\/index.php?rest_route=\/wp\/v2\/product\/27959","targetHints":{"allow":["GET"]}}],"collection":[{"href":"http:\/\/aknurbal.com\/index.php?rest_route=\/wp\/v2\/product"}],"about":[{"href":"http:\/\/aknurbal.com\/index.php?rest_route=\/wp\/v2\/types\/product"}],"replies":[{"embeddable":true,"href":"http:\/\/aknurbal.com\/index.php?rest_route=%2Fwp%2Fv2%2Fcomments&post=27959"}],"wp:attachment":[{"href":"http:\/\/aknurbal.com\/index.php?rest_route=%2Fwp%2Fv2%2Fmedia&parent=27959"}],"wp:term":[{"taxonomy":"product_brand","embeddable":true,"href":"http:\/\/aknurbal.com\/index.php?rest_route=%2Fwp%2Fv2%2Fproduct_brand&post=27959"},{"taxonomy":"product_cat","embeddable":true,"href":"http:\/\/aknurbal.com\/index.php?rest_route=%2Fwp%2Fv2%2Fproduct_cat&post=27959"},{"taxonomy":"product_tag","embeddable":true,"href":"http:\/\/aknurbal.com\/index.php?rest_route=%2Fwp%2Fv2%2Fproduct_tag&post=27959"}],"curies":[{"name":"wp","href":"https:\/\/api.w.org\/{rel}","templated":true}]}}