{"id":27886,"date":"2022-03-21T11:18:11","date_gmt":"2022-03-21T11:18:11","guid":{"rendered":"http:\/\/aknurbal.com\/?post_type=product&#038;p=27886"},"modified":"2026-04-08T19:45:38","modified_gmt":"2026-04-08T19:45:38","slug":"findik-kavrulmus","status":"publish","type":"product","link":"http:\/\/aknurbal.com\/?product=findik-kavrulmus","title":{"rendered":"F\u0131nd\u0131k (kavrulmu\u015f)"},"content":{"rendered":"<p><img loading=\"lazy\" decoding=\"async\" class=\"alignnone size-medium wp-image-27888\" src=\"http:\/\/aknurbal.com\/wp-content\/uploads\/2022\/03\/DSC_0039-300x200.jpg\" alt=\"\" width=\"300\" height=\"200\" srcset=\"http:\/\/aknurbal.com\/wp-content\/uploads\/2022\/03\/DSC_0039-300x200.jpg 300w, http:\/\/aknurbal.com\/wp-content\/uploads\/2022\/03\/DSC_0039-1024x683.jpg 1024w, http:\/\/aknurbal.com\/wp-content\/uploads\/2022\/03\/DSC_0039-768x512.jpg 768w, http:\/\/aknurbal.com\/wp-content\/uploads\/2022\/03\/DSC_0039-1536x1024.jpg 1536w, http:\/\/aknurbal.com\/wp-content\/uploads\/2022\/03\/DSC_0039-2048x1365.jpg 2048w, http:\/\/aknurbal.com\/wp-content\/uploads\/2022\/03\/DSC_0039-600x400.jpg 600w\" sizes=\"auto, (max-width: 300px) 100vw, 300px\" \/><\/p>\n","protected":false},"excerpt":{"rendered":"","protected":false},"featured_media":27888,"comment_status":"open","ping_status":"closed","template":"","meta":{"_joinchat":[]},"product_brand":[],"product_cat":[69,66],"product_tag":[],"class_list":{"0":"post-27886","1":"product","2":"type-product","3":"status-publish","4":"has-post-thumbnail","6":"product_cat-cerez","7":"product_cat-yoresel-urunler","8":"has_thumb","10":"first","11":"instock","12":"sale","13":"shipping-taxable","14":"purchasable","15":"product-type-simple"},"_links":{"self":[{"href":"http:\/\/aknurbal.com\/index.php?rest_route=\/wp\/v2\/product\/27886","targetHints":{"allow":["GET"]}}],"collection":[{"href":"http:\/\/aknurbal.com\/index.php?rest_route=\/wp\/v2\/product"}],"about":[{"href":"http:\/\/aknurbal.com\/index.php?rest_route=\/wp\/v2\/types\/product"}],"replies":[{"embeddable":true,"href":"http:\/\/aknurbal.com\/index.php?rest_route=%2Fwp%2Fv2%2Fcomments&post=27886"}],"wp:featuredmedia":[{"embeddable":true,"href":"http:\/\/aknurbal.com\/index.php?rest_route=\/wp\/v2\/media\/27888"}],"wp:attachment":[{"href":"http:\/\/aknurbal.com\/index.php?rest_route=%2Fwp%2Fv2%2Fmedia&parent=27886"}],"wp:term":[{"taxonomy":"product_brand","embeddable":true,"href":"http:\/\/aknurbal.com\/index.php?rest_route=%2Fwp%2Fv2%2Fproduct_brand&post=27886"},{"taxonomy":"product_cat","embeddable":true,"href":"http:\/\/aknurbal.com\/index.php?rest_route=%2Fwp%2Fv2%2Fproduct_cat&post=27886"},{"taxonomy":"product_tag","embeddable":true,"href":"http:\/\/aknurbal.com\/index.php?rest_route=%2Fwp%2Fv2%2Fproduct_tag&post=27886"}],"curies":[{"name":"wp","href":"https:\/\/api.w.org\/{rel}","templated":true}]}}