{"id":27860,"date":"2021-12-07T08:37:04","date_gmt":"2021-12-07T08:37:04","guid":{"rendered":"http:\/\/aknurbal.com\/?post_type=product&#038;p=27860"},"modified":"2026-04-08T19:42:06","modified_gmt":"2026-04-08T19:42:06","slug":"sari-kayisi","status":"publish","type":"product","link":"http:\/\/aknurbal.com\/?product=sari-kayisi","title":{"rendered":"SARI  KAYISI"},"content":{"rendered":"<p><img loading=\"lazy\" decoding=\"async\" class=\"alignnone size-medium wp-image-27863\" src=\"http:\/\/aknurbal.com\/wp-content\/uploads\/2021\/12\/6029a84855427f02281fe2d0-300x168.jpg\" alt=\"\" width=\"300\" height=\"168\" srcset=\"http:\/\/aknurbal.com\/wp-content\/uploads\/2021\/12\/6029a84855427f02281fe2d0-300x168.jpg 300w, http:\/\/aknurbal.com\/wp-content\/uploads\/2021\/12\/6029a84855427f02281fe2d0-600x337.jpg 600w, http:\/\/aknurbal.com\/wp-content\/uploads\/2021\/12\/6029a84855427f02281fe2d0.jpg 731w\" sizes=\"auto, (max-width: 300px) 100vw, 300px\" \/> <img loading=\"lazy\" decoding=\"async\" class=\"alignnone size-medium wp-image-27864\" src=\"http:\/\/aknurbal.com\/wp-content\/uploads\/2021\/12\/kuru-kayisi_16_9_1589189048-300x169.jpg\" alt=\"\" width=\"300\" height=\"169\" srcset=\"http:\/\/aknurbal.com\/wp-content\/uploads\/2021\/12\/kuru-kayisi_16_9_1589189048-300x169.jpg 300w, http:\/\/aknurbal.com\/wp-content\/uploads\/2021\/12\/kuru-kayisi_16_9_1589189048-768x432.jpg 768w, http:\/\/aknurbal.com\/wp-content\/uploads\/2021\/12\/kuru-kayisi_16_9_1589189048-600x337.jpg 600w, http:\/\/aknurbal.com\/wp-content\/uploads\/2021\/12\/kuru-kayisi_16_9_1589189048.jpg 1000w\" sizes=\"auto, (max-width: 300px) 100vw, 300px\" \/> <img loading=\"lazy\" decoding=\"async\" class=\"alignnone size-medium wp-image-27865\" src=\"http:\/\/aknurbal.com\/wp-content\/uploads\/2021\/12\/malatya-sari-kayisi-satin-al-siparis-e1590400408582-300x225.jpg\" alt=\"\" width=\"300\" height=\"225\" srcset=\"http:\/\/aknurbal.com\/wp-content\/uploads\/2021\/12\/malatya-sari-kayisi-satin-al-siparis-e1590400408582-300x225.jpg 300w, http:\/\/aknurbal.com\/wp-content\/uploads\/2021\/12\/malatya-sari-kayisi-satin-al-siparis-e1590400408582-1024x768.jpg 1024w, http:\/\/aknurbal.com\/wp-content\/uploads\/2021\/12\/malatya-sari-kayisi-satin-al-siparis-e1590400408582-768x576.jpg 768w, http:\/\/aknurbal.com\/wp-content\/uploads\/2021\/12\/malatya-sari-kayisi-satin-al-siparis-e1590400408582-600x450.jpg 600w, http:\/\/aknurbal.com\/wp-content\/uploads\/2021\/12\/malatya-sari-kayisi-satin-al-siparis-e1590400408582.jpg 1200w\" sizes=\"auto, (max-width: 300px) 100vw, 300px\" \/> <img loading=\"lazy\" decoding=\"async\" class=\"alignnone size-medium wp-image-27866\" src=\"http:\/\/aknurbal.com\/wp-content\/uploads\/2021\/12\/sarikayisi-300x283.jpg\" alt=\"\" width=\"300\" height=\"283\" srcset=\"http:\/\/aknurbal.com\/wp-content\/uploads\/2021\/12\/sarikayisi-300x283.jpg 300w, http:\/\/aknurbal.com\/wp-content\/uploads\/2021\/12\/sarikayisi-1024x967.jpg 1024w, http:\/\/aknurbal.com\/wp-content\/uploads\/2021\/12\/sarikayisi-768x726.jpg 768w, http:\/\/aknurbal.com\/wp-content\/uploads\/2021\/12\/sarikayisi-1536x1451.jpg 1536w, http:\/\/aknurbal.com\/wp-content\/uploads\/2021\/12\/sarikayisi-600x567.jpg 600w, http:\/\/aknurbal.com\/wp-content\/uploads\/2021\/12\/sarikayisi.jpg 1594w\" sizes=\"auto, (max-width: 300px) 100vw, 300px\" \/><\/p>\n","protected":false},"excerpt":{"rendered":"<p>SARI KAYISI FAYDALARI NELERD\u0130R ?<\/p>\n<ol>\n<li>Kay\u0131s\u0131 y\u00fcksek potasyum i\u00e7eri\u011fi sayesinde kalp koruyucu etkiye sahiptir. Kalp at\u0131\u015f h\u0131z\u0131n\u0131n d\u00fczenlenmesine yard\u0131mc\u0131 olur. \u0130\u00e7eri\u011findeki potasyum kalp kaslar\u0131n\u0131 besler.<\/li>\n<li>Tansiyonu dengeler ve kan bas\u0131nc\u0131n\u0131n normal d\u00fczeylerde seyretmesini sa\u011flar.<\/li>\n<li>\u0130\u00e7erdi\u011fi kalsiyum, fosfor gibi mineraller kemik sa\u011fl\u0131\u011f\u0131 a\u00e7\u0131s\u0131ndan \u00f6nemlidir.<\/li>\n<li>A\u011f\u0131z ve di\u015f sa\u011fl\u0131\u011f\u0131 i\u00e7in yararl\u0131 bir meyvedir. Ba\u011f\u0131\u015f\u0131kl\u0131k sistemini g\u00fc\u00e7lendirir, di\u015f eti sorunlar\u0131n\u0131n olu\u015fmas\u0131n\u0131 engeller ve a\u011f\u0131z i\u00e7i yaralar\u0131n iyile\u015fmesine yard\u0131mc\u0131 olur.<\/li>\n<li>Bol miktarda demir i\u00e7eren kay\u0131s\u0131, kans\u0131zl\u0131\u011fa kar\u015f\u0131 koruyucu etkiye sahiptir.<\/li>\n<li>Hamileler, b\u00fcy\u00fcme ve geli\u015fme \u00e7a\u011f\u0131ndaki \u00e7ocuklar i\u00e7in yararl\u0131 bir meyve olan kay\u0131s\u0131n\u0131n taze olan\u0131nda C vitamini bulunmaktad\u0131r.<\/li>\n<li>Antioksidan \u00f6zellikteki beta-karotenin ya\u015flanmay\u0131 geciktirme etkisi vard\u0131r.\u00a0Kay\u0131s\u0131 cildi nemlendirir, korur ve p\u00fcr\u00fczs\u00fczle\u015ftirir. A vitamininin deride ya\u011f bezlerinin aktivitesini bask\u0131lad\u0131\u011f\u0131 kan\u0131tlanm\u0131\u015ft\u0131r. \u0130\u00e7erdi\u011fi A vitamini akne gibi cilt bozukluklar\u0131 olu\u015fumunu \u00f6nler.<\/li>\n<\/ol>\n","protected":false},"featured_media":27865,"comment_status":"open","ping_status":"closed","template":"","meta":{"_joinchat":[]},"product_brand":[],"product_cat":[67],"product_tag":[],"class_list":{"0":"post-27860","1":"product","2":"type-product","3":"status-publish","4":"has-post-thumbnail","6":"product_cat-kuru-kayisi","7":"has_thumb","9":"first","10":"instock","11":"sale","12":"shipping-taxable","13":"purchasable","14":"product-type-simple"},"_links":{"self":[{"href":"http:\/\/aknurbal.com\/index.php?rest_route=\/wp\/v2\/product\/27860","targetHints":{"allow":["GET"]}}],"collection":[{"href":"http:\/\/aknurbal.com\/index.php?rest_route=\/wp\/v2\/product"}],"about":[{"href":"http:\/\/aknurbal.com\/index.php?rest_route=\/wp\/v2\/types\/product"}],"replies":[{"embeddable":true,"href":"http:\/\/aknurbal.com\/index.php?rest_route=%2Fwp%2Fv2%2Fcomments&post=27860"}],"wp:featuredmedia":[{"embeddable":true,"href":"http:\/\/aknurbal.com\/index.php?rest_route=\/wp\/v2\/media\/27865"}],"wp:attachment":[{"href":"http:\/\/aknurbal.com\/index.php?rest_route=%2Fwp%2Fv2%2Fmedia&parent=27860"}],"wp:term":[{"taxonomy":"product_brand","embeddable":true,"href":"http:\/\/aknurbal.com\/index.php?rest_route=%2Fwp%2Fv2%2Fproduct_brand&post=27860"},{"taxonomy":"product_cat","embeddable":true,"href":"http:\/\/aknurbal.com\/index.php?rest_route=%2Fwp%2Fv2%2Fproduct_cat&post=27860"},{"taxonomy":"product_tag","embeddable":true,"href":"http:\/\/aknurbal.com\/index.php?rest_route=%2Fwp%2Fv2%2Fproduct_tag&post=27860"}],"curies":[{"name":"wp","href":"https:\/\/api.w.org\/{rel}","templated":true}]}}