{"id":27854,"date":"2021-12-07T08:27:04","date_gmt":"2021-12-07T08:27:04","guid":{"rendered":"http:\/\/aknurbal.com\/?post_type=product&#038;p=27854"},"modified":"2026-04-08T19:44:12","modified_gmt":"2026-04-08T19:44:12","slug":"kayisi-gun-kurusu","status":"publish","type":"product","link":"http:\/\/aknurbal.com\/?product=kayisi-gun-kurusu","title":{"rendered":"KAYISI G\u00dcN KURUSU JUMBO"},"content":{"rendered":"<p><img loading=\"lazy\" decoding=\"async\" class=\"alignnone size-medium wp-image-27857\" src=\"http:\/\/aknurbal.com\/wp-content\/uploads\/2021\/12\/gun-kurusu-kayisi-kuru-kayisi-629-45-B-300x300.jpg\" alt=\"\" width=\"300\" height=\"300\" srcset=\"http:\/\/aknurbal.com\/wp-content\/uploads\/2021\/12\/gun-kurusu-kayisi-kuru-kayisi-629-45-B-300x300.jpg 300w, http:\/\/aknurbal.com\/wp-content\/uploads\/2021\/12\/gun-kurusu-kayisi-kuru-kayisi-629-45-B-150x150.jpg 150w, http:\/\/aknurbal.com\/wp-content\/uploads\/2021\/12\/gun-kurusu-kayisi-kuru-kayisi-629-45-B-768x768.jpg 768w, http:\/\/aknurbal.com\/wp-content\/uploads\/2021\/12\/gun-kurusu-kayisi-kuru-kayisi-629-45-B-64x64.jpg 64w, http:\/\/aknurbal.com\/wp-content\/uploads\/2021\/12\/gun-kurusu-kayisi-kuru-kayisi-629-45-B-160x160.jpg 160w, http:\/\/aknurbal.com\/wp-content\/uploads\/2021\/12\/gun-kurusu-kayisi-kuru-kayisi-629-45-B-600x600.jpg 600w, http:\/\/aknurbal.com\/wp-content\/uploads\/2021\/12\/gun-kurusu-kayisi-kuru-kayisi-629-45-B-100x100.jpg 100w, http:\/\/aknurbal.com\/wp-content\/uploads\/2021\/12\/gun-kurusu-kayisi-kuru-kayisi-629-45-B.jpg 900w\" sizes=\"auto, (max-width: 300px) 100vw, 300px\" \/> <img loading=\"lazy\" decoding=\"async\" class=\"alignnone size-medium wp-image-27858\" src=\"http:\/\/aknurbal.com\/wp-content\/uploads\/2021\/12\/image_4be092ca-b0ce-4375-ab82-ab7bdeed8772_1024x1024-225x300.jpg\" alt=\"\" width=\"225\" height=\"300\" srcset=\"http:\/\/aknurbal.com\/wp-content\/uploads\/2021\/12\/image_4be092ca-b0ce-4375-ab82-ab7bdeed8772_1024x1024-225x300.jpg 225w, http:\/\/aknurbal.com\/wp-content\/uploads\/2021\/12\/image_4be092ca-b0ce-4375-ab82-ab7bdeed8772_1024x1024-600x800.jpg 600w, http:\/\/aknurbal.com\/wp-content\/uploads\/2021\/12\/image_4be092ca-b0ce-4375-ab82-ab7bdeed8772_1024x1024.jpg 768w\" sizes=\"auto, (max-width: 225px) 100vw, 225px\" \/> <img loading=\"lazy\" decoding=\"async\" class=\"alignnone size-medium wp-image-27859\" src=\"http:\/\/aknurbal.com\/wp-content\/uploads\/2021\/12\/indir.jpg\" alt=\"\" width=\"225\" height=\"225\" srcset=\"http:\/\/aknurbal.com\/wp-content\/uploads\/2021\/12\/indir.jpg 225w, http:\/\/aknurbal.com\/wp-content\/uploads\/2021\/12\/indir-150x150.jpg 150w, http:\/\/aknurbal.com\/wp-content\/uploads\/2021\/12\/indir-64x64.jpg 64w, http:\/\/aknurbal.com\/wp-content\/uploads\/2021\/12\/indir-160x160.jpg 160w, http:\/\/aknurbal.com\/wp-content\/uploads\/2021\/12\/indir-300x300.jpg 300w, http:\/\/aknurbal.com\/wp-content\/uploads\/2021\/12\/indir-100x100.jpg 100w\" sizes=\"auto, (max-width: 225px) 100vw, 225px\" \/><\/p>\n","protected":false},"excerpt":{"rendered":"<h2><span id=\"gun-kurusu-faydalari-nelerdir\">G\u00fcn Kurusu Faydalar\u0131 Nelerdir?<\/span><\/h2>\n<ul>\n<li><strong>G\u00fcn kurusu kay\u0131s\u0131 faydalar\u0131 aras\u0131nda ilk s\u0131rada kalbe etkisi<\/strong>\u00a0say\u0131labilir. Kalp hastal\u0131klar\u0131na kar\u015f\u0131 koruyucu etki sa\u011flayan g\u00fcn kurusu kalbi g\u00fc\u00e7lendirir.<\/li>\n<li>Kemik ve di\u015fler i\u00e7in kuvvetlendiricidir.<\/li>\n<li>Konsantrasyonu art\u0131r\u0131r ve stresin etkisini azalt\u0131r.<\/li>\n<li>Karaci\u011ferin onar\u0131lmas\u0131na yard\u0131mc\u0131d\u0131r.<\/li>\n<li>G\u00fcn kurusu ba\u011f\u0131rsak ve mideyi korur, haz\u0131ms\u0131zl\u0131k ve sindirim problemlerinde etkilidir.<\/li>\n<li>Kan yap\u0131c\u0131 etkisi nedeniyle kans\u0131zl\u0131k sorunu olanlara tavsiye edilir.<\/li>\n<li>Hamilelikte g\u00fcn kurusu faydalar\u0131 olduk\u00e7a fazlad\u0131r.<\/li>\n<li>\u00d6zellikle bebe\u011fin kemik geli\u015fimine yard\u0131mc\u0131d\u0131r ancak hamilelerin doktorlar\u0131na dan\u0131\u015farak t\u00fcketmesi tavsiye edilir.<\/li>\n<li>Fazla t\u00fcketimde kan \u015fekeri h\u0131zla y\u00fckselir ve g\u00fcn kurusu kay\u0131s\u0131 faydalar\u0131 zararlar\u0131 olarak kar\u015f\u0131m\u0131za \u00e7\u0131kabilir.<\/li>\n<li>Potasyum zenginidir, potasyum eksikli\u011finde kullan\u0131l\u0131r.<\/li>\n<li>\u0130\u00e7eri\u011findeki A vitamini sayesinde cildi g\u00fczelle\u015ftirir.<\/li>\n<li>Ba\u011f\u0131\u015f\u0131kl\u0131\u011f\u0131 kuvvetlendirir.<\/li>\n<li>Lif i\u00e7eri\u011fi ve d\u00fc\u015f\u00fck kalorisi sebebiyle g\u00fcn kurusu ile zay\u0131flama m\u00fcmk\u00fcnd\u00fcr.<\/li>\n<li><strong>G\u00fcn kurusu kay\u0131s\u0131 \u015fekeri y\u00fckseltir mi<\/strong>\u00a0sorusunun yan\u0131t\u0131 olumludur. \u015eeker hastalar\u0131n\u0131n doktorlar\u0131na dan\u0131\u015farak t\u00fcketmesi \u00f6nerilir.<\/li>\n<\/ul>\n","protected":false},"featured_media":27862,"comment_status":"open","ping_status":"closed","template":"","meta":{"_joinchat":[]},"product_brand":[],"product_cat":[67],"product_tag":[],"class_list":{"0":"post-27854","1":"product","2":"type-product","3":"status-publish","4":"has-post-thumbnail","6":"product_cat-kuru-kayisi","7":"has_thumb","9":"first","10":"instock","11":"sale","12":"shipping-taxable","13":"purchasable","14":"product-type-simple"},"_links":{"self":[{"href":"http:\/\/aknurbal.com\/index.php?rest_route=\/wp\/v2\/product\/27854","targetHints":{"allow":["GET"]}}],"collection":[{"href":"http:\/\/aknurbal.com\/index.php?rest_route=\/wp\/v2\/product"}],"about":[{"href":"http:\/\/aknurbal.com\/index.php?rest_route=\/wp\/v2\/types\/product"}],"replies":[{"embeddable":true,"href":"http:\/\/aknurbal.com\/index.php?rest_route=%2Fwp%2Fv2%2Fcomments&post=27854"}],"wp:featuredmedia":[{"embeddable":true,"href":"http:\/\/aknurbal.com\/index.php?rest_route=\/wp\/v2\/media\/27862"}],"wp:attachment":[{"href":"http:\/\/aknurbal.com\/index.php?rest_route=%2Fwp%2Fv2%2Fmedia&parent=27854"}],"wp:term":[{"taxonomy":"product_brand","embeddable":true,"href":"http:\/\/aknurbal.com\/index.php?rest_route=%2Fwp%2Fv2%2Fproduct_brand&post=27854"},{"taxonomy":"product_cat","embeddable":true,"href":"http:\/\/aknurbal.com\/index.php?rest_route=%2Fwp%2Fv2%2Fproduct_cat&post=27854"},{"taxonomy":"product_tag","embeddable":true,"href":"http:\/\/aknurbal.com\/index.php?rest_route=%2Fwp%2Fv2%2Fproduct_tag&post=27854"}],"curies":[{"name":"wp","href":"https:\/\/api.w.org\/{rel}","templated":true}]}}