{"id":27842,"date":"2021-12-07T07:55:46","date_gmt":"2021-12-07T07:55:46","guid":{"rendered":"http:\/\/aknurbal.com\/?post_type=product&#038;p=27842"},"modified":"2025-03-01T17:21:42","modified_gmt":"2025-03-01T17:21:42","slug":"polen","status":"publish","type":"product","link":"http:\/\/aknurbal.com\/?product=polen","title":{"rendered":"POLEN"},"content":{"rendered":"<p><img loading=\"lazy\" decoding=\"async\" class=\"alignnone size-medium wp-image-27844\" src=\"http:\/\/aknurbal.com\/wp-content\/uploads\/2021\/12\/5e5678e97152d813b47f02b7-300x169.jpg\" alt=\"\" width=\"300\" height=\"169\" srcset=\"http:\/\/aknurbal.com\/wp-content\/uploads\/2021\/12\/5e5678e97152d813b47f02b7-300x169.jpg 300w, http:\/\/aknurbal.com\/wp-content\/uploads\/2021\/12\/5e5678e97152d813b47f02b7-600x338.jpg 600w, http:\/\/aknurbal.com\/wp-content\/uploads\/2021\/12\/5e5678e97152d813b47f02b7.jpg 750w\" sizes=\"auto, (max-width: 300px) 100vw, 300px\" \/> <img loading=\"lazy\" decoding=\"async\" class=\"alignnone size-medium wp-image-27845\" src=\"http:\/\/aknurbal.com\/wp-content\/uploads\/2021\/12\/10232286642226-300x300.jpg\" alt=\"\" width=\"300\" height=\"300\" srcset=\"http:\/\/aknurbal.com\/wp-content\/uploads\/2021\/12\/10232286642226-300x300.jpg 300w, http:\/\/aknurbal.com\/wp-content\/uploads\/2021\/12\/10232286642226-150x150.jpg 150w, http:\/\/aknurbal.com\/wp-content\/uploads\/2021\/12\/10232286642226-64x64.jpg 64w, http:\/\/aknurbal.com\/wp-content\/uploads\/2021\/12\/10232286642226-160x160.jpg 160w, http:\/\/aknurbal.com\/wp-content\/uploads\/2021\/12\/10232286642226-100x100.jpg 100w, http:\/\/aknurbal.com\/wp-content\/uploads\/2021\/12\/10232286642226.jpg 375w\" sizes=\"auto, (max-width: 300px) 100vw, 300px\" \/> <img loading=\"lazy\" decoding=\"async\" class=\"alignnone size-medium wp-image-27846\" src=\"http:\/\/aknurbal.com\/wp-content\/uploads\/2021\/12\/ari-poleni-faydalari-neler-300x166.jpg\" alt=\"\" width=\"300\" height=\"166\" srcset=\"http:\/\/aknurbal.com\/wp-content\/uploads\/2021\/12\/ari-poleni-faydalari-neler-300x166.jpg 300w, http:\/\/aknurbal.com\/wp-content\/uploads\/2021\/12\/ari-poleni-faydalari-neler.jpg 568w\" sizes=\"auto, (max-width: 300px) 100vw, 300px\" \/> <img loading=\"lazy\" decoding=\"async\" class=\"alignnone size-medium wp-image-27847\" src=\"http:\/\/aknurbal.com\/wp-content\/uploads\/2021\/12\/d6c16cf0-84f7-4d42-ac0e-ed3c141e154f-300x300.jpg\" alt=\"\" width=\"300\" height=\"300\" srcset=\"http:\/\/aknurbal.com\/wp-content\/uploads\/2021\/12\/d6c16cf0-84f7-4d42-ac0e-ed3c141e154f-300x300.jpg 300w, http:\/\/aknurbal.com\/wp-content\/uploads\/2021\/12\/d6c16cf0-84f7-4d42-ac0e-ed3c141e154f-150x150.jpg 150w, http:\/\/aknurbal.com\/wp-content\/uploads\/2021\/12\/d6c16cf0-84f7-4d42-ac0e-ed3c141e154f-64x64.jpg 64w, http:\/\/aknurbal.com\/wp-content\/uploads\/2021\/12\/d6c16cf0-84f7-4d42-ac0e-ed3c141e154f-160x160.jpg 160w, http:\/\/aknurbal.com\/wp-content\/uploads\/2021\/12\/d6c16cf0-84f7-4d42-ac0e-ed3c141e154f-100x100.jpg 100w, http:\/\/aknurbal.com\/wp-content\/uploads\/2021\/12\/d6c16cf0-84f7-4d42-ac0e-ed3c141e154f.jpg 479w\" sizes=\"auto, (max-width: 300px) 100vw, 300px\" \/> <img loading=\"lazy\" decoding=\"async\" class=\"alignnone size-medium wp-image-27848\" src=\"http:\/\/aknurbal.com\/wp-content\/uploads\/2021\/12\/polen1-300x300.jpg\" alt=\"\" width=\"300\" height=\"300\" srcset=\"http:\/\/aknurbal.com\/wp-content\/uploads\/2021\/12\/polen1-300x300.jpg 300w, http:\/\/aknurbal.com\/wp-content\/uploads\/2021\/12\/polen1-150x150.jpg 150w, http:\/\/aknurbal.com\/wp-content\/uploads\/2021\/12\/polen1-64x64.jpg 64w, http:\/\/aknurbal.com\/wp-content\/uploads\/2021\/12\/polen1-160x160.jpg 160w, http:\/\/aknurbal.com\/wp-content\/uploads\/2021\/12\/polen1-100x100.jpg 100w, http:\/\/aknurbal.com\/wp-content\/uploads\/2021\/12\/polen1.jpg 599w\" sizes=\"auto, (max-width: 300px) 100vw, 300px\" \/> <img loading=\"lazy\" decoding=\"async\" class=\"alignnone size-medium wp-image-27849\" src=\"http:\/\/aknurbal.com\/wp-content\/uploads\/2021\/12\/polen2-300x188.jpg\" alt=\"\" width=\"300\" height=\"188\" srcset=\"http:\/\/aknurbal.com\/wp-content\/uploads\/2021\/12\/polen2-300x188.jpg 300w, http:\/\/aknurbal.com\/wp-content\/uploads\/2021\/12\/polen2-768x480.jpg 768w, http:\/\/aknurbal.com\/wp-content\/uploads\/2021\/12\/polen2-600x375.jpg 600w, http:\/\/aknurbal.com\/wp-content\/uploads\/2021\/12\/polen2.jpg 960w\" sizes=\"auto, (max-width: 300px) 100vw, 300px\" \/> <img loading=\"lazy\" decoding=\"async\" class=\"alignnone size-medium wp-image-27850\" src=\"http:\/\/aknurbal.com\/wp-content\/uploads\/2021\/12\/polen-faydalari-nedir-ari-poleninin-sagliga-13983339_2137_amp-300x169.jpg\" alt=\"\" width=\"300\" height=\"169\" srcset=\"http:\/\/aknurbal.com\/wp-content\/uploads\/2021\/12\/polen-faydalari-nedir-ari-poleninin-sagliga-13983339_2137_amp-300x169.jpg 300w, http:\/\/aknurbal.com\/wp-content\/uploads\/2021\/12\/polen-faydalari-nedir-ari-poleninin-sagliga-13983339_2137_amp-1024x576.jpg 1024w, http:\/\/aknurbal.com\/wp-content\/uploads\/2021\/12\/polen-faydalari-nedir-ari-poleninin-sagliga-13983339_2137_amp-768x432.jpg 768w, http:\/\/aknurbal.com\/wp-content\/uploads\/2021\/12\/polen-faydalari-nedir-ari-poleninin-sagliga-13983339_2137_amp-600x338.jpg 600w, http:\/\/aknurbal.com\/wp-content\/uploads\/2021\/12\/polen-faydalari-nedir-ari-poleninin-sagliga-13983339_2137_amp.jpg 1200w\" sizes=\"auto, (max-width: 300px) 100vw, 300px\" \/> <img loading=\"lazy\" decoding=\"async\" class=\"alignnone size-medium wp-image-27851\" src=\"http:\/\/aknurbal.com\/wp-content\/uploads\/2021\/12\/polen-nedir-faydalari-nasil-kullanilir-bakin-nelere-iyi-geliyor-300x200.jpg\" alt=\"\" width=\"300\" height=\"200\" srcset=\"http:\/\/aknurbal.com\/wp-content\/uploads\/2021\/12\/polen-nedir-faydalari-nasil-kullanilir-bakin-nelere-iyi-geliyor-300x200.jpg 300w, http:\/\/aknurbal.com\/wp-content\/uploads\/2021\/12\/polen-nedir-faydalari-nasil-kullanilir-bakin-nelere-iyi-geliyor.jpg 600w\" sizes=\"auto, (max-width: 300px) 100vw, 300px\" \/><\/p>\n","protected":false},"excerpt":{"rendered":"<p><em>-\u00dcr\u00fcn 100 gramd\u0131r.<br \/>\n-Gram ile sat\u0131lmaktad\u0131r.<br \/>\n-1 kg = 2500 TL<br \/>\n-Sipari\u015f i\u00e7in l\u00fctfen ileti\u015fime ge\u00e7in<br \/>\n<\/em><\/p>\n<h4 class=\"blog-title\">POLEN NED\u0130R<br \/>\nAr\u0131lar, \u00e7i\u00e7eklerden toplad\u0131klar\u0131 nektarlar\u0131 do\u011fa\u00fcst\u00fc denilecek kadar muntazam bir i\u015flemle bala d\u00f6n\u00fc\u015ft\u00fcrerek insanl\u0131\u011fa sunuyor. Bu e\u015fsiz form\u00fcle sahip do\u011fal besin, antik \u00e7a\u011flardan g\u00fcn\u00fcm\u00fcze en yayg\u0131n kullan\u0131lan i\u00e7eriklerden birini olu\u015fturuyor.<br \/>\n<strong><br \/>\n<\/strong><\/h4>\n<p><strong>POLEN\u0130N FAYDALARI<\/strong><\/p>\n<ul>\n<li>Antioksidan bile\u015fenleri ile v\u00fccudun daha gen\u00e7 ve din\u00e7 olmas\u0131n\u0131 sa\u011flar.<\/li>\n<li>Kalp krizlerinin ger\u00e7ekle\u015fmesinde engelleyici bir etkiye sahiptir. \u0130nme rahats\u0131zl\u0131\u011f\u0131n\u0131n \u00f6n\u00fcne ge\u00e7erek kan p\u0131ht\u0131la\u015fmas\u0131n\u0131 \u00f6nle.<\/li>\n<li>D\u00fczenli kullan\u0131ld\u0131\u011f\u0131nda sindirim sisteminin sa\u011fl\u0131kl\u0131 \u00e7al\u0131\u015fmas\u0131n\u0131 sa\u011flar.<\/li>\n<li>Enerji verici bir \u00f6zelli\u011fe sahiptir. Sporcular taraf\u0131ndan yo\u011fun bir \u015fekilde kullan\u0131l\u0131r. Takviye ila\u00e7 olarak da g\u00fcn i\u00e7inde al\u0131nabilir.<\/li>\n<li>Ba\u011f\u0131\u015f\u0131kl\u0131k sistemini g\u00fc\u00e7lendirir.<\/li>\n<li>\u0130shal durumunda kullan\u0131labilir.<\/li>\n<li>Erkeklerde prostat sorununa iyi gelir<\/li>\n<\/ul>\n<h4 class=\"blog-title\"><strong>\u00a0<\/strong><\/h4>\n<p><em>\u00a0<\/em><\/p>\n","protected":false},"featured_media":27851,"comment_status":"open","ping_status":"closed","template":"","meta":{"_joinchat":[]},"product_brand":[],"product_cat":[80],"product_tag":[],"class_list":{"0":"post-27842","1":"product","2":"type-product","3":"status-publish","4":"has-post-thumbnail","6":"product_cat-polen-bal","7":"has_thumb","9":"first","10":"instock","11":"sale","12":"shipping-taxable","13":"purchasable","14":"product-type-simple"},"_links":{"self":[{"href":"http:\/\/aknurbal.com\/index.php?rest_route=\/wp\/v2\/product\/27842","targetHints":{"allow":["GET"]}}],"collection":[{"href":"http:\/\/aknurbal.com\/index.php?rest_route=\/wp\/v2\/product"}],"about":[{"href":"http:\/\/aknurbal.com\/index.php?rest_route=\/wp\/v2\/types\/product"}],"replies":[{"embeddable":true,"href":"http:\/\/aknurbal.com\/index.php?rest_route=%2Fwp%2Fv2%2Fcomments&post=27842"}],"wp:featuredmedia":[{"embeddable":true,"href":"http:\/\/aknurbal.com\/index.php?rest_route=\/wp\/v2\/media\/27851"}],"wp:attachment":[{"href":"http:\/\/aknurbal.com\/index.php?rest_route=%2Fwp%2Fv2%2Fmedia&parent=27842"}],"wp:term":[{"taxonomy":"product_brand","embeddable":true,"href":"http:\/\/aknurbal.com\/index.php?rest_route=%2Fwp%2Fv2%2Fproduct_brand&post=27842"},{"taxonomy":"product_cat","embeddable":true,"href":"http:\/\/aknurbal.com\/index.php?rest_route=%2Fwp%2Fv2%2Fproduct_cat&post=27842"},{"taxonomy":"product_tag","embeddable":true,"href":"http:\/\/aknurbal.com\/index.php?rest_route=%2Fwp%2Fv2%2Fproduct_tag&post=27842"}],"curies":[{"name":"wp","href":"https:\/\/api.w.org\/{rel}","templated":true}]}}