{"id":27837,"date":"2021-12-07T07:03:42","date_gmt":"2021-12-07T07:03:42","guid":{"rendered":"http:\/\/aknurbal.com\/?post_type=product&#038;p=27837"},"modified":"2025-03-01T16:22:58","modified_gmt":"2025-03-01T16:22:58","slug":"ari-sutu","status":"publish","type":"product","link":"http:\/\/aknurbal.com\/?product=ari-sutu","title":{"rendered":"ARI S\u00dcT\u00dc"},"content":{"rendered":"<p><img loading=\"lazy\" decoding=\"async\" class=\"alignnone size-medium wp-image-27839\" src=\"http:\/\/aknurbal.com\/wp-content\/uploads\/2021\/12\/ari-sutu-1-400x300-1-300x225.jpg\" alt=\"\" width=\"300\" height=\"225\" srcset=\"http:\/\/aknurbal.com\/wp-content\/uploads\/2021\/12\/ari-sutu-1-400x300-1-300x225.jpg 300w, http:\/\/aknurbal.com\/wp-content\/uploads\/2021\/12\/ari-sutu-1-400x300-1.jpg 400w\" sizes=\"auto, (max-width: 300px) 100vw, 300px\" \/> <img loading=\"lazy\" decoding=\"async\" class=\"alignnone size-medium wp-image-27840\" src=\"http:\/\/aknurbal.com\/wp-content\/uploads\/2021\/12\/ari-sutu-html-231-51-B-276x300.jpg\" alt=\"\" width=\"276\" height=\"300\" srcset=\"http:\/\/aknurbal.com\/wp-content\/uploads\/2021\/12\/ari-sutu-html-231-51-B-276x300.jpg 276w, http:\/\/aknurbal.com\/wp-content\/uploads\/2021\/12\/ari-sutu-html-231-51-B-768x836.jpg 768w, http:\/\/aknurbal.com\/wp-content\/uploads\/2021\/12\/ari-sutu-html-231-51-B-600x653.jpg 600w, http:\/\/aknurbal.com\/wp-content\/uploads\/2021\/12\/ari-sutu-html-231-51-B.jpg 827w\" sizes=\"auto, (max-width: 276px) 100vw, 276px\" \/> <img loading=\"lazy\" decoding=\"async\" class=\"alignnone size-medium wp-image-27841\" src=\"http:\/\/aknurbal.com\/wp-content\/uploads\/2021\/12\/urun-saf-ari-sutu-10gr-300x300.jpg\" alt=\"\" width=\"300\" height=\"300\" srcset=\"http:\/\/aknurbal.com\/wp-content\/uploads\/2021\/12\/urun-saf-ari-sutu-10gr-300x300.jpg 300w, http:\/\/aknurbal.com\/wp-content\/uploads\/2021\/12\/urun-saf-ari-sutu-10gr-1024x1024.jpg 1024w, http:\/\/aknurbal.com\/wp-content\/uploads\/2021\/12\/urun-saf-ari-sutu-10gr-150x150.jpg 150w, http:\/\/aknurbal.com\/wp-content\/uploads\/2021\/12\/urun-saf-ari-sutu-10gr-768x768.jpg 768w, http:\/\/aknurbal.com\/wp-content\/uploads\/2021\/12\/urun-saf-ari-sutu-10gr-64x64.jpg 64w, http:\/\/aknurbal.com\/wp-content\/uploads\/2021\/12\/urun-saf-ari-sutu-10gr-160x160.jpg 160w, http:\/\/aknurbal.com\/wp-content\/uploads\/2021\/12\/urun-saf-ari-sutu-10gr-600x600.jpg 600w, http:\/\/aknurbal.com\/wp-content\/uploads\/2021\/12\/urun-saf-ari-sutu-10gr-100x100.jpg 100w, http:\/\/aknurbal.com\/wp-content\/uploads\/2021\/12\/urun-saf-ari-sutu-10gr.jpg 1080w\" sizes=\"auto, (max-width: 300px) 100vw, 300px\" \/><\/p>\n","protected":false},"excerpt":{"rendered":"<h5 style=\"text-align: left;\"><em>-\u00dcr\u00fcn 100 gramd\u0131r.<br \/>\n-Gram olarak sat\u0131lmaktad\u0131r.<br \/>\n1 kg = 15.000 TL<br \/>\n-Sipari\u015f i\u00e7in l\u00fctfen ileti\u015fime ge\u00e7in.<br \/>\n-Tahta veya pilastik ka\u015f\u0131k ile t\u00fcketilmesi \u00f6nerilir.<br \/>\n<\/em><strong><br \/>\nAr\u0131 s\u00fct\u00fc<\/strong>, ar\u0131lar\u0131n yavru beslenmesinde ve krali\u00e7e ar\u0131 yeti\u015ftirmede kulland\u0131klar\u0131 zengin i\u00e7erikli bir salg\u0131dan olu\u015fuyor. Ar\u0131lar yumurtlama yoluyla \u00fcredikleri i\u00e7in bu besin, bilinen s\u00fctten daha farkl\u0131 bir \u00fcretim s\u00fcrecinin sonucunda meydana geliyor. Bu ana besin kayna\u011f\u0131, asl\u0131nda ar\u0131lar\u0131n yutak \u00fcst\u00fc bezleri arac\u0131l\u0131\u011f\u0131yla salg\u0131lanarak \u00fcretiliyor.<\/h5>\n<p>Ar\u0131 S\u00fct\u00fc&#8217;n\u00fcn Faydalar\u0131<br \/>\n<span id=\"1-hormonal-gucu-arttirir\">1) Hormonal G\u00fcc\u00fc Artt\u0131r\u0131r<br \/>\n<\/span><span id=\"2-bagisikligi-guclendirir\">2) Ba\u011f\u0131\u015f\u0131kl\u0131\u011f\u0131 G\u00fc\u00e7lendirir<br \/>\n<\/span>3) Kolesterol\u00fc Dengeler<br \/>\n4) Kan Ak\u0131\u015f\u0131n\u0131 D\u00fczenler<br \/>\n<span id=\"5-vucuda-enerji-verir\">5) V\u00fccuda Enerji Verir<br \/>\n<\/span>6) Kanser Riskini Azalt\u0131r<br \/>\n<span id=\"7-cilt-hucrelerini-yeniler\">7) Cilt H\u00fccrelerini Yeniler<\/span><\/p>\n<h5><span id=\"6-kanser-riskini-azaltir\">\u00a0<\/span><\/h5>\n<h3><span id=\"4-kan-akisini-duzenler\">\u00a0<\/span><\/h3>\n<h3><span id=\"3-kolesterolu-dengeler\">\u00a0<\/span><\/h3>\n<h3><\/h3>\n","protected":false},"featured_media":27840,"comment_status":"open","ping_status":"closed","template":"","meta":{"_joinchat":[]},"product_brand":[],"product_cat":[59],"product_tag":[],"class_list":{"0":"post-27837","1":"product","2":"type-product","3":"status-publish","4":"has-post-thumbnail","6":"product_cat-ari-sutu","7":"has_thumb","9":"first","10":"instock","11":"sale","12":"shipping-taxable","13":"purchasable","14":"product-type-simple"},"_links":{"self":[{"href":"http:\/\/aknurbal.com\/index.php?rest_route=\/wp\/v2\/product\/27837","targetHints":{"allow":["GET"]}}],"collection":[{"href":"http:\/\/aknurbal.com\/index.php?rest_route=\/wp\/v2\/product"}],"about":[{"href":"http:\/\/aknurbal.com\/index.php?rest_route=\/wp\/v2\/types\/product"}],"replies":[{"embeddable":true,"href":"http:\/\/aknurbal.com\/index.php?rest_route=%2Fwp%2Fv2%2Fcomments&post=27837"}],"wp:featuredmedia":[{"embeddable":true,"href":"http:\/\/aknurbal.com\/index.php?rest_route=\/wp\/v2\/media\/27840"}],"wp:attachment":[{"href":"http:\/\/aknurbal.com\/index.php?rest_route=%2Fwp%2Fv2%2Fmedia&parent=27837"}],"wp:term":[{"taxonomy":"product_brand","embeddable":true,"href":"http:\/\/aknurbal.com\/index.php?rest_route=%2Fwp%2Fv2%2Fproduct_brand&post=27837"},{"taxonomy":"product_cat","embeddable":true,"href":"http:\/\/aknurbal.com\/index.php?rest_route=%2Fwp%2Fv2%2Fproduct_cat&post=27837"},{"taxonomy":"product_tag","embeddable":true,"href":"http:\/\/aknurbal.com\/index.php?rest_route=%2Fwp%2Fv2%2Fproduct_tag&post=27837"}],"curies":[{"name":"wp","href":"https:\/\/api.w.org\/{rel}","templated":true}]}}