{"id":27751,"date":"2020-11-24T12:59:06","date_gmt":"2020-11-24T12:59:06","guid":{"rendered":"http:\/\/aknurbal.com\/?post_type=product&#038;p=27751"},"modified":"2026-04-01T12:41:13","modified_gmt":"2026-04-01T12:41:13","slug":"karakovan-petek-bal","status":"publish","type":"product","link":"http:\/\/aknurbal.com\/?product=karakovan-petek-bal","title":{"rendered":"KARAKOVAN PETEK BAL"},"content":{"rendered":"<p><b>Karakovan<\/b>\u00a0<b>bal\u0131m\u0131z :<\/b>\u00a0 sadece i\u015f\u00e7i ar\u0131lar taraf\u0131ndan \u00f6r\u00fclen petek ballara verilen isimdir. Bu ballar\u0131n i\u00e7erisinde <strong>temel petek bulunmay\u0131p tamamen do\u011fal \u00fcr\u00fcn\u00fcm\u00fcz&#8217;d\u00fcr<\/strong>\u00a0 tamam\u0131n\u0131 i\u015f\u00e7i ar\u0131lar\u0131n kendi ba\u015f\u0131na yapt\u0131\u011f\u0131, <b>karakovan<\/b>\u00a0<strong>petek bal &#8216;d\u0131r<\/strong><\/p>\n","protected":false},"excerpt":{"rendered":"<p>Karakovan\u00a0bal\u0131m\u0131z :\u00a0 sadece i\u015f\u00e7i ar\u0131lar taraf\u0131ndan \u00f6r\u00fclen petek ballara verilen isimdir. Bu ballar\u0131n i\u00e7erisinde temel petek bulunmay\u0131p tamamen do\u011fal \u00fcr\u00fcn\u00fcm\u00fcz&#8217;d\u00fcr\u00a0 tamam\u0131n\u0131 i\u015f\u00e7i ar\u0131lar\u0131n kendi ba\u015f\u0131na yapt\u0131\u011f\u0131, karakovan\u00a0petek bal &#8216;d\u0131r<\/p>\n","protected":false},"featured_media":27753,"comment_status":"open","ping_status":"closed","template":"","meta":{"_joinchat":[]},"product_brand":[],"product_cat":[57,62],"product_tag":[],"class_list":{"0":"post-27751","1":"product","2":"type-product","3":"status-publish","4":"has-post-thumbnail","6":"product_cat-bal","7":"product_cat-petek-bal","8":"has_thumb","10":"first","11":"instock","12":"sale","13":"downloadable","14":"shipping-taxable","15":"purchasable","16":"product-type-simple"},"_links":{"self":[{"href":"http:\/\/aknurbal.com\/index.php?rest_route=\/wp\/v2\/product\/27751","targetHints":{"allow":["GET"]}}],"collection":[{"href":"http:\/\/aknurbal.com\/index.php?rest_route=\/wp\/v2\/product"}],"about":[{"href":"http:\/\/aknurbal.com\/index.php?rest_route=\/wp\/v2\/types\/product"}],"replies":[{"embeddable":true,"href":"http:\/\/aknurbal.com\/index.php?rest_route=%2Fwp%2Fv2%2Fcomments&post=27751"}],"wp:featuredmedia":[{"embeddable":true,"href":"http:\/\/aknurbal.com\/index.php?rest_route=\/wp\/v2\/media\/27753"}],"wp:attachment":[{"href":"http:\/\/aknurbal.com\/index.php?rest_route=%2Fwp%2Fv2%2Fmedia&parent=27751"}],"wp:term":[{"taxonomy":"product_brand","embeddable":true,"href":"http:\/\/aknurbal.com\/index.php?rest_route=%2Fwp%2Fv2%2Fproduct_brand&post=27751"},{"taxonomy":"product_cat","embeddable":true,"href":"http:\/\/aknurbal.com\/index.php?rest_route=%2Fwp%2Fv2%2Fproduct_cat&post=27751"},{"taxonomy":"product_tag","embeddable":true,"href":"http:\/\/aknurbal.com\/index.php?rest_route=%2Fwp%2Fv2%2Fproduct_tag&post=27751"}],"curies":[{"name":"wp","href":"https:\/\/api.w.org\/{rel}","templated":true}]}}