{"id":27749,"date":"2020-11-24T12:48:16","date_gmt":"2020-11-24T12:48:16","guid":{"rendered":"http:\/\/aknurbal.com\/?post_type=product&#038;p=27749"},"modified":"2026-04-01T12:40:00","modified_gmt":"2026-04-01T12:40:00","slug":"toprak-karakovan-bal","status":"publish","type":"product","link":"http:\/\/aknurbal.com\/?product=toprak-karakovan-bal","title":{"rendered":"TOPRAK KARAKOVAN BAL"},"content":{"rendered":"<p><strong>TOPRAK KOVAN BALI :Karakovan<\/strong> bal\u0131n\u0131n faydalar\u0131 saymakla bitmez. Karakovan bal\u0131nda ar\u0131ya temel petek verilmez her \u015feyi i\u015f\u00e7i ar\u0131lar kendisi yapar. Bundan dolay\u0131 hastanelerde, \u015fifahanelerde her zaman ila\u00e7 yap\u0131m\u0131nda karakovan bal\u0131 kullan\u0131l\u0131r. toprak karakovan bal\u0131 \u015fifal\u0131 oldu\u011fu kadar olduk\u00e7a lezzetlidir de.<br \/>\nAfiyet olsun &#8230;<\/p>\n","protected":false},"excerpt":{"rendered":"<p>TOPRAK KOVAN BALI :Karakovan bal\u0131n\u0131n faydalar\u0131 saymakla bitmez. Karakovan bal\u0131nda ar\u0131ya temel petek verilmez her \u015feyi i\u015f\u00e7i ar\u0131lar kendisi yapar. Bundan dolay\u0131 hastanelerde, \u015fifahanelerde her zaman ila\u00e7 yap\u0131m\u0131nda karakovan bal\u0131 kullan\u0131l\u0131r. toprak karakovan bal\u0131 \u015fifal\u0131 oldu\u011fu kadar olduk\u00e7a lezzetlidir de. Afiyet olsun &#8230;<\/p>\n","protected":false},"featured_media":27743,"comment_status":"open","ping_status":"closed","template":"","meta":{"_joinchat":[]},"product_brand":[],"product_cat":[57,62],"product_tag":[],"class_list":{"0":"post-27749","1":"product","2":"type-product","3":"status-publish","4":"has-post-thumbnail","6":"product_cat-bal","7":"product_cat-petek-bal","8":"has_thumb","10":"first","11":"instock","12":"sale","13":"downloadable","14":"shipping-taxable","15":"purchasable","16":"product-type-simple"},"_links":{"self":[{"href":"http:\/\/aknurbal.com\/index.php?rest_route=\/wp\/v2\/product\/27749","targetHints":{"allow":["GET"]}}],"collection":[{"href":"http:\/\/aknurbal.com\/index.php?rest_route=\/wp\/v2\/product"}],"about":[{"href":"http:\/\/aknurbal.com\/index.php?rest_route=\/wp\/v2\/types\/product"}],"replies":[{"embeddable":true,"href":"http:\/\/aknurbal.com\/index.php?rest_route=%2Fwp%2Fv2%2Fcomments&post=27749"}],"wp:featuredmedia":[{"embeddable":true,"href":"http:\/\/aknurbal.com\/index.php?rest_route=\/wp\/v2\/media\/27743"}],"wp:attachment":[{"href":"http:\/\/aknurbal.com\/index.php?rest_route=%2Fwp%2Fv2%2Fmedia&parent=27749"}],"wp:term":[{"taxonomy":"product_brand","embeddable":true,"href":"http:\/\/aknurbal.com\/index.php?rest_route=%2Fwp%2Fv2%2Fproduct_brand&post=27749"},{"taxonomy":"product_cat","embeddable":true,"href":"http:\/\/aknurbal.com\/index.php?rest_route=%2Fwp%2Fv2%2Fproduct_cat&post=27749"},{"taxonomy":"product_tag","embeddable":true,"href":"http:\/\/aknurbal.com\/index.php?rest_route=%2Fwp%2Fv2%2Fproduct_tag&post=27749"}],"curies":[{"name":"wp","href":"https:\/\/api.w.org\/{rel}","templated":true}]}}