{"id":27682,"date":"2020-08-29T07:38:33","date_gmt":"2020-08-29T07:38:33","guid":{"rendered":"http:\/\/aknurbal.com\/?post_type=product&#038;p=27682"},"modified":"2026-04-01T12:40:57","modified_gmt":"2026-04-01T12:40:57","slug":"petek-bal","status":"publish","type":"product","link":"http:\/\/aknurbal.com\/?product=petek-bal","title":{"rendered":"PETEK BAL"},"content":{"rendered":"<p>ORJ\u0130NAL PETEK BALIMIZ MALTYA BEYDA\u011eI B\u00d6LGES\u0130NE DE KEND\u0130 YET\u0130\u015eT\u0130RD\u0130\u011e\u0130M\u0130Z \u00dcR\u00dcN\u00dcM\u00dcZD\u00dcR<\/p>\n<p>&nbsp;<\/p>\n","protected":false},"excerpt":{"rendered":"<p>ORJ\u0130NAL PETEK BALIMIZ MALTYA BEYDA\u011eI B\u00d6LGES\u0130NE DE KEND\u0130 YET\u0130\u015eT\u0130RD\u0130\u011e\u0130M\u0130Z \u00dcR\u00dcN\u00dcM\u00dcZD\u00dcR &nbsp;<\/p>\n","protected":false},"featured_media":27656,"comment_status":"open","ping_status":"closed","template":"","meta":{"_joinchat":[]},"product_brand":[],"product_cat":[57,60,62],"product_tag":[],"class_list":{"0":"post-27682","1":"product","2":"type-product","3":"status-publish","4":"has-post-thumbnail","6":"product_cat-bal","7":"product_cat-petek","8":"product_cat-petek-bal","9":"has_thumb","11":"first","12":"instock","13":"sale","14":"shipping-taxable","15":"purchasable","16":"product-type-simple"},"_links":{"self":[{"href":"http:\/\/aknurbal.com\/index.php?rest_route=\/wp\/v2\/product\/27682","targetHints":{"allow":["GET"]}}],"collection":[{"href":"http:\/\/aknurbal.com\/index.php?rest_route=\/wp\/v2\/product"}],"about":[{"href":"http:\/\/aknurbal.com\/index.php?rest_route=\/wp\/v2\/types\/product"}],"replies":[{"embeddable":true,"href":"http:\/\/aknurbal.com\/index.php?rest_route=%2Fwp%2Fv2%2Fcomments&post=27682"}],"wp:featuredmedia":[{"embeddable":true,"href":"http:\/\/aknurbal.com\/index.php?rest_route=\/wp\/v2\/media\/27656"}],"wp:attachment":[{"href":"http:\/\/aknurbal.com\/index.php?rest_route=%2Fwp%2Fv2%2Fmedia&parent=27682"}],"wp:term":[{"taxonomy":"product_brand","embeddable":true,"href":"http:\/\/aknurbal.com\/index.php?rest_route=%2Fwp%2Fv2%2Fproduct_brand&post=27682"},{"taxonomy":"product_cat","embeddable":true,"href":"http:\/\/aknurbal.com\/index.php?rest_route=%2Fwp%2Fv2%2Fproduct_cat&post=27682"},{"taxonomy":"product_tag","embeddable":true,"href":"http:\/\/aknurbal.com\/index.php?rest_route=%2Fwp%2Fv2%2Fproduct_tag&post=27682"}],"curies":[{"name":"wp","href":"https:\/\/api.w.org\/{rel}","templated":true}]}}