{"id":1050,"date":"2020-06-04T20:39:29","date_gmt":"2020-06-04T20:39:29","guid":{"rendered":"http:\/\/www.yuvamlife.com\/?page_id=1050"},"modified":"2020-06-04T20:39:29","modified_gmt":"2020-06-04T20:39:29","slug":"on-bilgilendirme-formu","status":"publish","type":"page","link":"http:\/\/aknurbal.com\/?page_id=1050","title":{"rendered":"\u00d6n Bilgilendirme Formu"},"content":{"rendered":"<p><strong>\u00d6N B\u0130LG\u0130LEND\u0130RME FORMU<\/strong><\/p>\n<p><strong>1.KONU<\/strong><\/p>\n<p>\u0130\u015fbu Sat\u0131\u015f S\u00f6zle\u015fmesi \u00d6n Bilgi Formu\u2019nun konusu, SATICI&#8217; n\u0131n, S\u0130PAR\u0130\u015e VEREN\/ALICI&#8217; ya sat\u0131\u015f\u0131n\u0131 yapt\u0131\u011f\u0131, a\u015fa\u011f\u0131da nitelikleri ve sat\u0131\u015f fiyat\u0131 belirtilen \u00fcr\u00fcn\/\u00fcr\u00fcnlerin sat\u0131\u015f\u0131 ve teslimi ile ilgili olarak 6502 say\u0131l\u0131 T\u00fcketicilerin Korunmas\u0131 Hakk\u0131ndaki Kanun &#8211; Mesafeli S\u00f6zle\u015fmeler Y\u00f6netmeli\u011fi (RG:27.11.2014\/29188) h\u00fck\u00fcmleri gere\u011fince taraflar\u0131n hak ve y\u00fck\u00fcml\u00fcl\u00fcklerini kapsamaktad\u0131r. \u0130\u015f bu \u00f6n bilgilendirme formunu kabul etmekle ALICI, s\u00f6zle\u015fme konusu sipari\u015fi onaylad\u0131\u011f\u0131 takdirde sipari\u015f konusu bedeli ve varsa kargo \u00fccreti, vergi gibi belirtilen ek \u00fccretleri \u00f6deme y\u00fck\u00fcml\u00fcl\u00fc\u011f\u00fc alt\u0131na girece\u011fini ve bu konuda bilgilendirildi\u011fini pe\u015finen kabul eder.<\/p>\n<ol start=\"2\">\n<li><strong> SATICI B\u0130LG\u0130LER\u0130<\/strong><\/li>\n<\/ol>\n<p>Firma \u00dcnvan\u0131 : Yuvamlife AVM Pazarlama<\/p>\n<p>Adresi : Turgut \u00d6zal Cad E\u015fidir K\u00fcme Evleri Sok No:4<\/p>\n<p>Malatya\/Ye\u015filyurt<\/p>\n<p>Telefon : 0536 618 75 06<\/p>\n<p>Beyda\u011f\u0131 VD:347 3896 6512<\/p>\n<p>Eposta adresi :iletisim@yuvamlife.com<strong>3. ALICI B\u0130LG\u0130LER\u0130<\/strong>(Bundan sonra ALICI olarak an\u0131lacakt\u0131r.)<\/p>\n<p>Teslim edilecek ki\u015fi:<br \/>\nTeslimat adresi:<br \/>\nTelefon:<br \/>\nFax:<br \/>\nEposta\/Kullan\u0131c\u0131 ad\u0131:<\/p>\n<ol start=\"4\">\n<li><strong> S\u0130PAR\u0130\u015e VEREN B\u0130LG\u0130LER\u0130<\/strong>(Bundan sonra S\u0130PAR\u0130\u015e VEREN olarak an\u0131lacakt\u0131r.)<\/li>\n<\/ol>\n<p>Ad\u0131, soyad\u0131\/\u00dcnvan\u0131:<br \/>\nAdresi:<br \/>\nTelefon:<br \/>\nFax:<br \/>\nEposta\/Kullan\u0131c\u0131 ad\u0131:<\/p>\n<ol start=\"5\">\n<li><strong> S\u00d6ZLE\u015eME KONUSU \u00dcR\u00dcN\/\u00dcR\u00dcNLER B\u0130LG\u0130LER\u0130<\/strong><\/li>\n<\/ol>\n<p><strong>5.1<\/strong>Mal\u0131n \/ \u00dcr\u00fcn\/\u00dcr\u00fcnlerin \/ Hizmetin temel \u00f6zellikleri (t\u00fcr\u00fc, miktar\u0131, marka\/modeli, rengi, adedi) SATICI\u2019ya ait internet sitesinde yer almaktad\u0131r. \u00dcr\u00fcn\u00fcn temel \u00f6zelliklerini kampanya s\u00fcresince inceleyebilirsiniz. Kampanya tarihine kadar ge\u00e7erlidir.<\/p>\n<p><strong>5.2<\/strong>Listelenen ve sitede ilan edilen fiyatlar sat\u0131\u015f fiyat\u0131d\u0131r. \u0130lan edilen fiyatlar ve vaatler g\u00fcncelleme yap\u0131lana ve de\u011fi\u015ftirilene kadar ge\u00e7erlidir. S\u00fcreli olarak ilan edilen fiyatlar ise belirtilen s\u00fcre sonuna kadar ge\u00e7erlidir.<\/p>\n<p><strong>5.3<\/strong>S\u00f6zle\u015fme konusu mal ya da hizmetin t\u00fcm vergiler d\u00e2hil sat\u0131\u015f fiyat\u0131 a\u015fa\u011f\u0131daki tabloda g\u00f6sterilmi\u015ftir.<\/p>\n<p>&nbsp;<\/p>\n<table width=\"100%\">\n<tbody>\n<tr>\n<td>\u00dcr\u00fcn A\u00e7\u0131klamas\u0131<\/td>\n<td>Adet<\/td>\n<td>Birim Fiyat\u0131<\/td>\n<td>Ara Toplam<br \/>\n(KDV Dahil)<\/td>\n<\/tr>\n<tr>\n<td><\/td>\n<td width=\"50\"><\/td>\n<td width=\"120\"><\/td>\n<td width=\"120\"><\/td>\n<\/tr>\n<tr>\n<td>Kargo Tutar\u0131<\/td>\n<td width=\"50\"><\/td>\n<td width=\"120\"><\/td>\n<td width=\"120\"><\/td>\n<\/tr>\n<tr>\n<td colspan=\"3\"><strong>Toplam :<\/strong><\/td>\n<td><\/td>\n<\/tr>\n<\/tbody>\n<\/table>\n<p>\u00d6deme \u015eekli ve Plan\u0131<\/p>\n<p>Teslimat Adresi<\/p>\n<p>Teslim Edilecek ki\u015fi<\/p>\n<p>Fatura Adresi<\/p>\n<p>Sipari\u015f Tarihi<\/p>\n<p>Teslimat tarihi<\/p>\n<p>Teslim \u015fekli<\/p>\n<p>&nbsp;<\/p>\n<p>\u00dcr\u00fcn sevkiyat masraf\u0131 olan kargo \u00fccreti ALICI taraf\u0131ndan \u00f6denecektir.<\/p>\n<ol start=\"6\">\n<li><strong> GENEL H\u00dcK\u00dcMLER<\/strong><\/li>\n<\/ol>\n<p><strong>6.1.<\/strong>ALICI, SATICI\u2019ya ait internet sitesinde s\u00f6zle\u015fme konusu \u00fcr\u00fcn\u00fcn temel nitelikleri, sat\u0131\u015f fiyat\u0131 ve \u00f6deme \u015fekli ile teslimata ili\u015fkin \u00f6n bilgileri okuyup, bilgi sahibi oldu\u011funu, elektronik ortamda gerekli teyidi verdi\u011fini kabul, beyan ve taahh\u00fct eder. ALICININ; \u00d6n Bilgilendirmeyi elektronik ortamda teyit etmesi, mesafeli sat\u0131\u015f s\u00f6zle\u015fmesinin kurulmas\u0131ndan evvel, SATICI taraf\u0131ndan ALICI&#8217; ya verilmesi gereken adresi, sipari\u015fi verilen \u00fcr\u00fcnlere ait temel \u00f6zellikleri, \u00fcr\u00fcnlerin vergiler d\u00e2hil fiyat\u0131n\u0131, \u00f6deme ve teslimat bilgilerini de do\u011fru ve eksiksiz olarak edindi\u011fini kabul, beyan ve taahh\u00fct eder.<\/p>\n<p><strong>6.2.<\/strong>S\u00f6zle\u015fme konusu her bir \u00fcr\u00fcn, 30 g\u00fcnl\u00fck yasal s\u00fcreyi a\u015fmamak kayd\u0131 ile ALICI&#8217; n\u0131n yerle\u015fim yeri uzakl\u0131\u011f\u0131na ba\u011fl\u0131 olarak internet sitesindeki \u00f6n bilgiler k\u0131sm\u0131nda belirtilen s\u00fcre zarf\u0131nda ALICI veya ALICI\u2019 n\u0131n g\u00f6sterdi\u011fi adresteki ki\u015fi ve\/veya kurulu\u015fa teslim edilir. Bu s\u00fcre i\u00e7inde \u00fcr\u00fcn\u00fcn ALICI\u2019ya teslim edilememesi durumunda, ALICI\u2019n\u0131n s\u00f6zle\u015fmeyi feshetme hakk\u0131 sakl\u0131d\u0131r.<\/p>\n<p><strong>6.3.<\/strong>SATICI, s\u00f6zle\u015fme konusu \u00fcr\u00fcn\u00fc eksiksiz, sipari\u015fte belirtilen niteliklere uygun ve varsa garanti belgeleri, kullan\u0131m k\u0131lavuzlar\u0131 ile teslim etmeyi, her t\u00fcrl\u00fc ay\u0131ptan ar\u00ee olarak yasal mevzuat gereklerine sa\u011flam, standartlara uygun bir \u015fekilde i\u015fin gere\u011fi olan bilgi ve belgeler ile i\u015fi do\u011fruluk ve d\u00fcr\u00fcstl\u00fck esaslar\u0131 d\u00e2hilinde ifa etmeyi, hizmet kalitesini koruyup y\u00fckseltmeyi, i\u015fin ifas\u0131 s\u0131ras\u0131nda gerekli dikkat ve \u00f6zeni g\u00f6stermeyi, ihtiyat ve \u00f6ng\u00f6r\u00fc ile hareket etmeyi kabul, beyan ve taahh\u00fct eder.<\/p>\n<p><strong>6.4.<\/strong>SATICI, s\u00f6zle\u015fmeden do\u011fan ifa y\u00fck\u00fcml\u00fcl\u00fc\u011f\u00fcn\u00fcn s\u00fcresi dolmadan ALICI\u2019y\u0131 bilgilendirmek ve a\u00e7\u0131k\u00e7a onay\u0131n\u0131 almak suretiyle e\u015fit kalite ve fiyatta farkl\u0131 bir \u00fcr\u00fcn tedarik edebilir.<\/p>\n<p><strong>6.5.<\/strong>SATICI, sipari\u015f konusu \u00fcr\u00fcn veya hizmetin yerine getirilmesinin imk\u00e2ns\u0131zla\u015fmas\u0131 halinde s\u00f6zle\u015fme konusu y\u00fck\u00fcml\u00fcl\u00fcklerini yerine getiremezse, bu durumu, \u00f6\u011frendi\u011fi tarihten itibaren 3 g\u00fcn i\u00e7inde yaz\u0131l\u0131 olarak t\u00fcketiciye bildirece\u011fini, 14 g\u00fcnl\u00fck s\u00fcre i\u00e7inde toplam bedeli ALICI\u2019ya iade edece\u011fini kabul, beyan ve taahh\u00fct eder.<\/p>\n<p><strong>6.6.<\/strong>ALICI, s\u00f6zle\u015fme konusu \u00fcr\u00fcn\u00fcn teslimat\u0131 i\u00e7in i\u015fbu \u00d6n Bilgilendirme Formunu elektronik ortamda teyit edece\u011fini, herhangi bir nedenle s\u00f6zle\u015fme konusu \u00fcr\u00fcn bedelinin \u00f6denmemesi ve\/veya banka kay\u0131tlar\u0131nda iptal edilmesi halinde, SATICI\u2019 n\u0131n s\u00f6zle\u015fme konusu \u00fcr\u00fcn\u00fc teslim y\u00fck\u00fcml\u00fcl\u00fc\u011f\u00fcn\u00fcn sona erece\u011fini kabul, beyan ve taahh\u00fct eder.<\/p>\n<p><strong>6.7.<\/strong>ALICI, S\u00f6zle\u015fme konusu \u00fcr\u00fcn\u00fcn ALICI veya ALICI\u2019n\u0131n g\u00f6sterdi\u011fi adresteki ki\u015fi ve\/veya kurulu\u015fa tesliminden sonra ALICI&#8217;ya ait kredi kart\u0131n\u0131n yetkisiz ki\u015filerce haks\u0131z kullan\u0131lmas\u0131 sonucunda s\u00f6zle\u015fme konusu \u00fcr\u00fcn bedelinin ilgili banka veya finans kurulu\u015fu taraf\u0131ndan SATICI&#8217;ya \u00f6denmemesi halinde, ALICI S\u00f6zle\u015fme konusu \u00fcr\u00fcn\u00fc 3 g\u00fcn i\u00e7erisinde nakliye gideri SATICI\u2019ya ait olacak \u015fekilde SATICI\u2019ya iade edece\u011fini kabul, beyan ve taahh\u00fct eder.<\/p>\n<p><strong>6.8.<\/strong>SATICI, taraflar\u0131n iradesi d\u0131\u015f\u0131nda geli\u015fen, \u00f6nceden \u00f6ng\u00f6r\u00fclemeyen ve taraflar\u0131n bor\u00e7lar\u0131n\u0131 yerine getirmesini engelleyici ve\/veya geciktirici hallerin olu\u015fmas\u0131 gibi m\u00fccbir sebepler halleri nedeni ile s\u00f6zle\u015fme konusu \u00fcr\u00fcn\u00fc s\u00fcresi i\u00e7inde teslim edemez ise, durumu ALICI&#8217; ya bildirece\u011fini kabul, beyan ve taahh\u00fct eder. ALICI da sipari\u015fin iptal edilmesini, s\u00f6zle\u015fme konusu \u00fcr\u00fcn\u00fcn varsa emsali ile de\u011fi\u015ftirilmesini ve\/veya teslimat s\u00fcresinin engelleyici durumun ortadan kalkmas\u0131na kadar ertelenmesini SATICI\u2019 dan talep etme hakk\u0131na haizdir. ALICI taraf\u0131ndan sipari\u015fin iptal edilmesi halinde ALICI\u2019 n\u0131n nakit ile yapt\u0131\u011f\u0131 \u00f6demelerde, \u00fcr\u00fcn tutar\u0131 14 g\u00fcn i\u00e7inde kendisine nakden ve defaten \u00f6denir. ALICI\u2019 n\u0131n kredi kart\u0131 ile yapt\u0131\u011f\u0131 \u00f6demelerde ise, \u00fcr\u00fcn tutar\u0131, sipari\u015fin ALICI taraf\u0131ndan iptal edilmesinden sonra 14 g\u00fcn i\u00e7erisinde ilgili bankaya iade edilir. ALICI, SATICI taraf\u0131ndan kredi kart\u0131na iade edilen tutar\u0131n banka taraf\u0131ndan ALICI hesab\u0131na yans\u0131t\u0131lmas\u0131na ili\u015fkin ortalama s\u00fcrecin 2 ile 3 haftay\u0131 bulabilece\u011fini, bu tutar\u0131n bankaya iadesinden sonra ALICI\u2019 n\u0131n hesaplar\u0131na yans\u0131mas\u0131 halinin tamamen banka i\u015flem s\u00fcreci ile ilgili oldu\u011fundan, ALICI, olas\u0131 gecikmeler i\u00e7in SATICI\u2019 y\u0131 sorumlu tutamayaca\u011f\u0131n\u0131 kabul, beyan ve taahh\u00fct eder.<\/p>\n<ol start=\"7\">\n<li><strong> FATURA B\u0130LG\u0130LER\u0130<\/strong><\/li>\n<\/ol>\n<p>Ad\/Soyad\/Unvan<\/p>\n<p>Adres<br \/>\nTelefon<br \/>\nFaks<br \/>\nEposta\/kullan\u0131c\u0131 ad\u0131<br \/>\nFatura teslim : Fatura sipari\u015f teslimat\u0131 s\u0131ras\u0131nda fatura adresine sipari\u015f ile birlikte<br \/>\nteslim edilecektir.<\/p>\n<p>&nbsp;<\/p>\n<ol start=\"8\">\n<li><strong> CAYMA HAKKI<\/strong><\/li>\n<\/ol>\n<p><strong>8.1.<\/strong>ALICI; mal sat\u0131\u015f\u0131na ili\u015fkin mesafeli s\u00f6zle\u015fmelerde, \u00fcr\u00fcn\u00fcn kendisine veya g\u00f6sterdi\u011fi adresteki ki\u015fi\/kurulu\u015fa teslim tarihinden itibaren 14 (on d\u00f6rt) g\u00fcn i\u00e7erisinde, SATICI\u2019ya bildirmek \u015fart\u0131yla hi\u00e7bir hukuki ve cezai sorumluluk \u00fcstlenmeksizin ve hi\u00e7bir gerek\u00e7e g\u00f6stermeksizin mal\u0131 reddederek s\u00f6zle\u015fmeden cayma hakk\u0131n\u0131 kullanabilir. Hizmet sunumuna ili\u015fkin mesafeli s\u00f6zle\u015fmelerde ise, bu s\u00fcre s\u00f6zle\u015fmenin imzaland\u0131\u011f\u0131 tarihten itibaren ba\u015flar. Cayma hakk\u0131 s\u00fcresi sona ermeden \u00f6nce, t\u00fcketicinin onay\u0131 ile hizmetin ifas\u0131na ba\u015flanan hizmet s\u00f6zle\u015fmelerinde cayma hakk\u0131 kullan\u0131lamaz. Cayma hakk\u0131n\u0131n kullan\u0131m\u0131ndan kaynaklanan masraflar SATICI\u2019 ya aittir.ALICI, i\u015f bu s\u00f6zle\u015fmeyi kabul etmekle, cayma hakk\u0131 konusunda bilgilendirildi\u011fini pe\u015finen kabul eder.<\/p>\n<p><strong>8.2.<\/strong>Cayma hakk\u0131n\u0131n kullan\u0131lmas\u0131 i\u00e7in 14 (ond\u00f6rt) g\u00fcnl\u00fck s\u00fcre i\u00e7inde SATICI&#8217; ya iadeli taahh\u00fctl\u00fc posta, faks veya eposta ile yaz\u0131l\u0131 bildirimde bulunulmas\u0131 ve \u00fcr\u00fcn\u00fcn i\u015fbu s\u00f6zle\u015fmede d\u00fczenlenen d\u00fczenlenen &#8220;Cayma Hakk\u0131 Kullan\u0131lamayacak \u00dcr\u00fcnler&#8221; h\u00fck\u00fcmleri \u00e7er\u00e7evesinde kullan\u0131lmam\u0131\u015f olmas\u0131 \u015fartt\u0131r. Bu hakk\u0131n kullan\u0131lmas\u0131 halinde,<\/p>\n<p><strong>8.2.1<\/strong>3. ki\u015fiye veya ALICI\u2019 ya teslim edilen \u00fcr\u00fcn\u00fcn faturas\u0131, (\u0130ade edilmek istenen \u00fcr\u00fcn\u00fcn faturas\u0131 kurumsal ise, geri iade ederken kurumun d\u00fczenlemi\u015f oldu\u011fu iade faturas\u0131 ile birlikte g\u00f6nderilmesi gerekmektedir. Faturas\u0131 kurumlar ad\u0131na d\u00fczenlenen sipari\u015f iadeleri \u0130ADE FATURASI kesilmedi\u011fi takdirde tamamlanamayacakt\u0131r.)<\/p>\n<p><strong>8.2.2.<\/strong>\u0130ade formu,<\/p>\n<p><strong>8.2.3.<\/strong>\u0130ade edilecek \u00fcr\u00fcnlerin kutusu, ambalaj\u0131, varsa standart aksesuarlar\u0131 ile birlikte eksiksiz ve hasars\u0131z olarak teslim edilmesi gerekmektedir.<\/p>\n<p><strong>8.2.4.<\/strong>SATICI, cayma bildiriminin kendisine ula\u015fmas\u0131ndan itibaren en ge\u00e7 10 g\u00fcnl\u00fck s\u00fcre i\u00e7erisinde toplam bedeli ve ALICI\u2019 y\u0131 bor\u00e7 alt\u0131na sokan belgeleri ALICI\u2019 ya iade etmek ve 20 g\u00fcnl\u00fck s\u00fcre i\u00e7erisinde mal\u0131 iade almakla y\u00fck\u00fcml\u00fcd\u00fcr.<\/p>\n<p><strong>8.2.5.<\/strong>ALICI\u2019 n\u0131n kusurundan kaynaklanan bir nedenle mal\u0131n de\u011ferinde bir azalma olursa veya iade imk\u00e2ns\u0131zla\u015f\u0131rsa ALICI kusuru oran\u0131nda SATICI\u2019 n\u0131n zararlar\u0131n\u0131 tazmin etmekle y\u00fck\u00fcml\u00fcd\u00fcr. Ancak cayma hakk\u0131 s\u00fcresi i\u00e7inde mal\u0131n veya \u00fcr\u00fcn\u00fcn usul\u00fcne uygun kullan\u0131lmas\u0131n sebebiyle meydana gelen de\u011fi\u015fiklik ve bozulmalardan ALICI sorumlu de\u011fildir.<\/p>\n<p><strong>8.2.6.<\/strong>Cayma hakk\u0131n\u0131n kullan\u0131lmas\u0131 nedeniyle SATICI taraf\u0131ndan d\u00fczenlenen kampanya limit tutar\u0131n\u0131n alt\u0131na d\u00fc\u015f\u00fclmesi halinde kampanya kapsam\u0131nda faydalan\u0131lan indirim miktar\u0131 iptal edilir.<\/p>\n<ol start=\"9\">\n<li><strong> CAYMA HAKKI KULLANILAMAYACAK \u00dcR\u00dcNLER<\/strong><\/li>\n<\/ol>\n<p><strong>9.1.<\/strong>a) Fiyat\u0131 finansal piyasalardaki dalgalanmalara ba\u011fl\u0131 olarak de\u011fi\u015fen ve sat\u0131c\u0131 veya sa\u011flay\u0131c\u0131n\u0131n kontrol\u00fcnde olmayan mal veya hizmetlere ili\u015fkin s\u00f6zle\u015fmeler.<\/p>\n<ol>\n<li>b) T\u00fcketicinin istekleri veya ki\u015fisel ihtiya\u00e7lar\u0131 do\u011frultusunda haz\u0131rlanan mallara ili\u015fkin s\u00f6zle\u015fmeler.<\/li>\n<li>c) \u00c7abuk bozulabilen veya son kullanma tarihi ge\u00e7ebilecek mallar\u0131n teslimine ili\u015fkin s\u00f6zle\u015fmeler.<\/li>\n<\/ol>\n<p>\u00e7) Tesliminden sonra ambalaj, bant, m\u00fch\u00fcr, paket gibi koruyucu unsurlar\u0131 a\u00e7\u0131lm\u0131\u015f olan mallardan; iadesi sa\u011fl\u0131k vehijyena\u00e7\u0131s\u0131ndan uygun olmayanlar\u0131n teslimine ili\u015fkin s\u00f6zle\u015fmeler.<\/p>\n<ol>\n<li>d) Tesliminden sonra ba\u015fka \u00fcr\u00fcnlerle kar\u0131\u015fan ve do\u011fas\u0131 gere\u011fi ayr\u0131\u015ft\u0131r\u0131lmas\u0131 m\u00fcmk\u00fcn olmayan mallara ili\u015fkin s\u00f6zle\u015fmeler.<\/li>\n<li>e) Mal\u0131n tesliminden sonra ambalaj, bant, m\u00fch\u00fcr, paket gibi koruyucu unsurlar\u0131 a\u00e7\u0131lm\u0131\u015f olmas\u0131 halinde maddi ortamda sunulan kitap, dijital i\u00e7erik ve bilgisayar sarf malzemelerine, veri kaydedebilme ve veri depolama cihazlar\u0131na ili\u015fkin s\u00f6zle\u015fmeler.<\/li>\n<li>f) Abonelik s\u00f6zle\u015fmesi kapsam\u0131nda sa\u011flananlar d\u0131\u015f\u0131nda, gazete ve dergi gibi s\u00fcreli yay\u0131nlar\u0131n teslimine ili\u015fkin s\u00f6zle\u015fmeler.<\/li>\n<li>g) Belirli bir tarihte veya d\u00f6nemde yap\u0131lmas\u0131 gereken, konaklama, e\u015fya ta\u015f\u0131ma, araba kiralama, yiyecek-i\u00e7ecek tedariki ve e\u011flence veya dinlenme amac\u0131yla yap\u0131lan bo\u015f zaman\u0131n de\u011ferlendirilmesine ili\u015fkin s\u00f6zle\u015fmeler.<\/li>\n<\/ol>\n<p>\u011f) Elektronik ortamda an\u0131nda ifa edilen hizmetler veya t\u00fcketiciye an\u0131nda teslim edilengayrimaddimallara ili\u015fkin s\u00f6zle\u015fmeler.<\/p>\n<ol>\n<li>h) Cayma hakk\u0131 s\u00fcresi sona ermeden \u00f6nce, t\u00fcketicinin onay\u0131 ile ifas\u0131na ba\u015flanan hizmetlere ili\u015fkin s\u00f6zle\u015fmeler.<\/li>\n<\/ol>\n<p>Kozmetik ve ki\u015fisel bak\u0131m \u00fcr\u00fcnleri, i\u00e7 giyim \u00fcr\u00fcnleri, mayo, bikini, kitap, kopyalanabilir yaz\u0131l\u0131m ve programlar, DVD, VCD, CD ve kasetler ile k\u0131rtasiye sarf malzemeleri (toner, kartu\u015f, \u015ferit vb.) iade edilebilmesi i\u00e7in ambalajlar\u0131n\u0131n a\u00e7\u0131lmam\u0131\u015f, denenmemi\u015f, bozulmam\u0131\u015f ve kullan\u0131lmam\u0131\u015f olmalar\u0131 gerekir.<\/p>\n<p><strong>9.2.<\/strong>\u00a0ALICI, \u015fik\u00e2yet ve itirazlar\u0131 konusunda ba\u015fvurular\u0131n\u0131, a\u015fa\u011f\u0131daki kanunda belirtilen parasal s\u0131n\u0131rlar d\u00e2hilinde t\u00fcketicinin yerle\u015fim yerinin bulundu\u011fu veya t\u00fcketici i\u015fleminin yap\u0131ld\u0131\u011f\u0131 yerdeki t\u00fcketici sorunlar\u0131 hakem heyetine veya t\u00fcketici mahkemesine yapabilir. Parasal s\u0131n\u0131ra ili\u015fkin bilgiler a\u015fa\u011f\u0131dad\u0131r:<\/p>\n<p>01\/01\/2017 tarihinden itibaren ge\u00e7erli olmak \u00fczere, 2017 y\u0131l\u0131 i\u00e7in t\u00fcketici hakem heyetlerine yap\u0131lacak ba\u015fvurularda de\u011feri:<\/p>\n<ol start=\"2\">\n<li>a) 2.400 (iki bin d\u00f6rt y\u00fcz) T\u00fcrk Liras\u0131n\u0131n alt\u0131nda bulunan uyu\u015fmazl\u0131klarda il\u00e7e t\u00fcketici hakem heyetleri,<\/li>\n<li>b) B\u00fcy\u00fck\u015fehir stat\u00fcs\u00fcnde olan illerde 2.400 (iki bin d\u00f6rt y\u00fcz) T\u00fcrk Liras\u0131 ile 3.610 (\u00fc\u00e7 bin alt\u0131 y\u00fcz on) T\u00fcrk Liras\u0131 aras\u0131ndaki uyu\u015fmazl\u0131klarda il t\u00fcketici hakem heyetleri,<\/li>\n<li>c) B\u00fcy\u00fck\u015fehir stat\u00fcs\u00fcnde olmayan illerin merkezlerinde 3.610 (\u00fc\u00e7 bin alt\u0131 y\u00fcz on) T\u00fcrk Liras\u0131n\u0131n alt\u0131nda bulunan uyu\u015fmazl\u0131klarda il t\u00fcketici hakem heyetleri,<\/li>\n<\/ol>\n<p>\u00e7) B\u00fcy\u00fck\u015fehir stat\u00fcs\u00fcnde olmayan illere ba\u011fl\u0131 il\u00e7elerde 2.400 (iki bin d\u00f6rt y\u00fcz) T\u00fcrk Liras\u0131 ile 3.610 (\u00fc\u00e7 bin alt\u0131 y\u00fcz on) T\u00fcrk Liras\u0131 aras\u0131ndaki uyu\u015fmazl\u0131klarda il t\u00fcketici hakem heyetleri g\u00f6revli k\u0131l\u0131nm\u0131\u015flard\u0131r.<\/p>\n<p>\u0130\u015fbu S\u00f6zle\u015fme ticari ama\u00e7larla yap\u0131lmaktad\u0131r.<\/p>\n<p>&nbsp;<\/p>\n<p>Firma \u00dcnvan\u0131 : Yuvamlife AVM Pazarlama<\/p>\n<p>Adresi : Turgut \u00d6zal Cad E\u015fidir K\u00fcme Evleri Sok No:4<\/p>\n<p>Malatya\/Ye\u015filyurt<\/p>\n<p>Telefon : 0536 618 75 06<\/p>\n<p>Beyda\u011f\u0131 VD:347 3896 6512<\/p>\n<p>Eposta adresi :iletisim@yuvamlife.com<\/p>\n","protected":false},"excerpt":{"rendered":"<p>\u00d6N B\u0130LG\u0130LEND\u0130RME FORMU 1.KONU \u0130\u015fbu Sat\u0131\u015f S\u00f6zle\u015fmesi \u00d6n Bilgi Formu\u2019nun konusu, SATICI&#8217; n\u0131n, S\u0130PAR\u0130\u015e VEREN\/ALICI&#8217; ya sat\u0131\u015f\u0131n\u0131 yapt\u0131\u011f\u0131, a\u015fa\u011f\u0131da nitelikleri ve sat\u0131\u015f fiyat\u0131 belirtilen \u00fcr\u00fcn\/\u00fcr\u00fcnlerin sat\u0131\u015f\u0131 ve teslimi ile ilgili olarak 6502 say\u0131l\u0131 T\u00fcketicilerin Korunmas\u0131 Hakk\u0131ndaki Kanun &#8211; Mesafeli S\u00f6zle\u015fmeler Y\u00f6netmeli\u011fi (RG:27.11.2014\/29188) h\u00fck\u00fcmleri gere\u011fince taraflar\u0131n hak ve y\u00fck\u00fcml\u00fcl\u00fcklerini kapsamaktad\u0131r. \u0130\u015f bu \u00f6n bilgilendirme formunu kabul etmekle ALICI, s\u00f6zle\u015fme konusu sipari\u015fi onaylad\u0131\u011f\u0131 takdirde sipari\u015f konusu bedeli ve varsa kargo \u00fccreti, vergi gibi belirtilen ek \u00fccretleri \u00f6deme y\u00fck\u00fcml\u00fcl\u00fc\u011f\u00fc alt\u0131na girece\u011fini ve bu konuda bilgilendirildi\u011fini pe\u015finen kabul eder. SATICI B\u0130LG\u0130LER\u0130 Firma \u00dcnvan\u0131 : Yuvamlife AVM Pazarlama Adresi : Turgut \u00d6zal Cad E\u015fidir K\u00fcme <\/p>\n","protected":false},"author":1,"featured_media":0,"parent":0,"menu_order":0,"comment_status":"closed","ping_status":"closed","template":"","meta":{"_joinchat":[],"footnotes":""},"class_list":["post-1050","page","type-page","status-publish","hentry"],"_links":{"self":[{"href":"http:\/\/aknurbal.com\/index.php?rest_route=\/wp\/v2\/pages\/1050","targetHints":{"allow":["GET"]}}],"collection":[{"href":"http:\/\/aknurbal.com\/index.php?rest_route=\/wp\/v2\/pages"}],"about":[{"href":"http:\/\/aknurbal.com\/index.php?rest_route=\/wp\/v2\/types\/page"}],"author":[{"embeddable":true,"href":"http:\/\/aknurbal.com\/index.php?rest_route=\/wp\/v2\/users\/1"}],"replies":[{"embeddable":true,"href":"http:\/\/aknurbal.com\/index.php?rest_route=%2Fwp%2Fv2%2Fcomments&post=1050"}],"version-history":[{"count":0,"href":"http:\/\/aknurbal.com\/index.php?rest_route=\/wp\/v2\/pages\/1050\/revisions"}],"wp:attachment":[{"href":"http:\/\/aknurbal.com\/index.php?rest_route=%2Fwp%2Fv2%2Fmedia&parent=1050"}],"curies":[{"name":"wp","href":"https:\/\/api.w.org\/{rel}","templated":true}]}}