{"id":1031,"date":"2020-06-04T19:47:10","date_gmt":"2020-06-04T19:47:10","guid":{"rendered":"http:\/\/www.yuvamlife.com\/?page_id=1022"},"modified":"2020-09-07T10:56:01","modified_gmt":"2020-09-07T10:56:01","slug":"hakkimizda","status":"publish","type":"page","link":"http:\/\/aknurbal.com\/?page_id=1031","title":{"rendered":"Hakk\u0131m\u0131zda"},"content":{"rendered":"\n<p>1990 YILINDAN \u0130T\u0130BAREN BAL \u00dcRET\u0130M\u0130 YAPMAKTAYIZ<\/p>\n\n\n\n<p><\/p>\n\n\n\n<p><\/p>\n\n\n\n<p><\/p>\n\n\n\n<p>Sayg\u0131lar\u0131m\u0131zla,<\/p>\n\n\n\n<p><strong>MEHMET TET\u0130K<\/strong><\/p>\n\n\n\n<p><strong>Firma Kurucusu<\/strong><\/p>\n\n\n\n<p>Firma \u00dcnvan\u0131 : AKNURBAL<br>Adresi : MALATYA ASK\u0130 \u015e\u0130RE PAZARI KAR\u015eISI<br>Telefon : <br>Beyda\u011f\u0131 VD: <br>Eposta adresi :iletisim@aknurbal.com<br>Web Adresi: www.aknurbal.com<br>Herzaman En Uygun..<br><\/p>\n","protected":false},"excerpt":{"rendered":"<p>1990 YILINDAN \u0130T\u0130BAREN BAL \u00dcRET\u0130M\u0130 YAPMAKTAYIZ Sayg\u0131lar\u0131m\u0131zla, MEHMET TET\u0130K Firma Kurucusu Firma \u00dcnvan\u0131 : AKNURBALAdresi : MALATYA ASK\u0130 \u015e\u0130RE PAZARI KAR\u015eISITelefon : Beyda\u011f\u0131 VD: Eposta adresi :iletisim@aknurbal.comWeb Adresi: www.aknurbal.comHerzaman En Uygun..<\/p>\n","protected":false},"author":1,"featured_media":0,"parent":0,"menu_order":0,"comment_status":"closed","ping_status":"closed","template":"","meta":{"_joinchat":[],"footnotes":""},"class_list":["post-1031","page","type-page","status-publish","hentry"],"_links":{"self":[{"href":"http:\/\/aknurbal.com\/index.php?rest_route=\/wp\/v2\/pages\/1031","targetHints":{"allow":["GET"]}}],"collection":[{"href":"http:\/\/aknurbal.com\/index.php?rest_route=\/wp\/v2\/pages"}],"about":[{"href":"http:\/\/aknurbal.com\/index.php?rest_route=\/wp\/v2\/types\/page"}],"author":[{"embeddable":true,"href":"http:\/\/aknurbal.com\/index.php?rest_route=\/wp\/v2\/users\/1"}],"replies":[{"embeddable":true,"href":"http:\/\/aknurbal.com\/index.php?rest_route=%2Fwp%2Fv2%2Fcomments&post=1031"}],"version-history":[{"count":2,"href":"http:\/\/aknurbal.com\/index.php?rest_route=\/wp\/v2\/pages\/1031\/revisions"}],"predecessor-version":[{"id":27723,"href":"http:\/\/aknurbal.com\/index.php?rest_route=\/wp\/v2\/pages\/1031\/revisions\/27723"}],"wp:attachment":[{"href":"http:\/\/aknurbal.com\/index.php?rest_route=%2Fwp%2Fv2%2Fmedia&parent=1031"}],"curies":[{"name":"wp","href":"https:\/\/api.w.org\/{rel}","templated":true}]}}